{"id":3703,"date":"2024-05-11T14:41:59","date_gmt":"2024-05-11T14:41:59","guid":{"rendered":"https:\/\/excavacionsgirona.com\/cat\/?page_id=3703"},"modified":"2024-05-11T14:56:11","modified_gmt":"2024-05-11T14:56:11","slug":"estabilitzacio-sol-castello-empuries","status":"publish","type":"page","link":"https:\/\/excavacionsgirona.com\/cat\/empresa\/estabilitzacio-sol-castello-empuries\/","title":{"rendered":"Estabilitzaci\u00f3 de s\u00f2l a Castell\u00f2 d\u2019Emp\u00faries"},"content":{"rendered":"<div class=\"wpb-content-wrapper\"><p>[vc_row css=&#8221;.vc_custom_1715431518233{padding-bottom: 60px !important;}&#8221;][vc_column][vc_masonry_media_grid style=&#8221;lazy&#8221; element_width=&#8221;3&#8243; css=&#8221;&#8221; grid_id=&#8221;vc_gid:1715438933024-1ab8455b70ae20568c3727d55df8e7bc-10&#8243; include=&#8221;3716,3715,3714,3713,3712,3711,3710,3709,3708,3707,3717&#8243;][\/vc_column][\/vc_row][vc_row][vc_column width=&#8221;1\/3&#8243;][vc_raw_html css=&#8221;&#8221;]JTNDZGl2JTIwY2xhc3MlM0QlMjJlbnRyeS1pbmZvJTIyJTNFJTBBJTIwJTIwJTNDaDIlMjBjbGFzcyUzRCUyMnNpbmdsZS1wcm9qZWN0LXRpdGxlJTIwaW5mby10aXRsZSUyMiUzRURhZGVzJTIwZGUlMjBsJTI3b2JyYSUzQyUyRmgyJTNFJTBBJTIwJTIwJTNDZGl2JTIwY2xhc3MlM0QlMjJtZXRhcyUyMHJvdyUyMiUzRSUwQSUyMCUyMCUyMCUyMCUzQ2RpdiUyMGNsYXNzJTNEJTIyaW5mby1sZWZ0JTIwY29sLW1kLTYlMjIlM0UlMEElMjAlMjAlMjAlMjAlMjAlMjAlM0NkaXYlMjBjbGFzcyUzRCUyMm1ldGElMjBjbGllbnQlMjIlM0UlMjAlM0NpJTIwY2xhc3MlM0QlMjJmYSUyMGZhLW1hcC1tYXJrZXIlMjIlMjBhcmlhLWhpZGRlbiUzRCUyMnRydWUlMjIlM0UlM0MlMkZpJTNFJTBBJTIwJTIwJTIwJTIwJTIwJTIwJTIwJTIwJTNDaDQlM0VTaXR1YWNpJUMzJUIzJTNDJTJGaDQlM0UlMEElMjAlMjAlMjAlMjAlMjAlMjAlMjAlMjAlM0NwJTNFQ2FzdGVsbCVDMyVCMiUyMGQlMjdFbXAlQzMlQkFyaWVzJTNDJTJGcCUzRSUwQSUyMCUyMCUyMCUyMCUyMCUyMCUzQyUyRmRpdiUzRSUwQSUyMCUyMCUyMCUyMCUyMCUyMCUzQ2RpdiUyMGNsYXNzJTNEJTIybWV0YSUyMGNhdCUyMiUzRSUyMCUzQ2klMjBjbGFzcyUzRCUyMmZhJTIwZmEtZXVyJTIyJTIwYXJpYS1oaWRkZW4lM0QlMjJ0cnVlJTIyJTNFJTNDJTJGaSUzRSUwQSUyMCUyMCUyMCUyMCUyMCUyMCUyMCUyMCUzQ2g0JTNFUHJlc3N1cG9zdCUzQyUyRmg0JTNFJTBBJTIwJTIwJTIwJTIwJTIwJTIwJTIwJTIwJTNDcCUzRTE1LjAwMCUyMCVFMiU4MiVBQyUzQyUyRnAlM0UlMEElMjAlMjAlMjAlMjAlMjAlMjAlM0MlMkZkaXYlM0UlMEElMjAlMjAlMjAlMjAlM0MlMkZkaXYlM0UlMEElMjAlMjAlMjAlMjAlM0NkaXYlMjBjbGFzcyUzRCUyMmluZm8tcmlnaHQlMjBjb2wtbWQtNiUyMiUzRSUwQSUyMCUyMCUyMCUyMCUyMCUyMCUzQ2RpdiUyMGNsYXNzJTNEJTIybWV0YSUyMHN0YXJ0LWRhdGUlMjIlM0UlMjAlM0NpJTIwY2xhc3MlM0QlMjJmYSUyMGZhLWNhbGVuZGFyJTIyJTIwYXJpYS1oaWRkZW4lM0QlMjJ0cnVlJTIyJTNFJTNDJTJGaSUzRSUwQSUyMCUyMCUyMCUyMCUyMCUyMCUyMCUyMCUzQ2g0JTNFQW55JTNDJTJGaDQlM0UlMEElMjAlMjAlMjAlMjAlMjAlMjAlMjAlMjAlM0NwJTNFMjAyNCUzQyUyRnAlM0UlMEElMjAlMjAlMjAlMjAlMjAlMjAlM0MlMkZkaXYlM0UlMEElMjAlMjAlMjAlMjAlMjAlMjAlM0NkaXYlMjBjbGFzcyUzRCUyMm1ldGElMjBlbmQtZGF0ZSUyMiUzRSUyMCUzQ2klMjBjbGFzcyUzRCUyMmZhJTIwZmEtaW5kdXN0cnklMjIlMjBhcmlhLWhpZGRlbiUzRCUyMnRydWUlMjIlM0UlM0MlMkZpJTNFJTBBJTIwJTIwJTIwJTIwJTIwJTIwJTIwJTIwJTNDaDQlM0VUaXB1cyUzQyUyRmg0JTNFJTBBJTIwJTIwJTIwJTIwJTIwJTIwJTIwJTIwJTNDcCUzRU9icmElMjBDaXZpbCUzQyUyRnAlM0UlMEElMjAlMjAlMjAlMjAlMjAlMjAlM0MlMkZkaXYlM0UlMEElMjAlMjAlMjAlMjAlM0MlMkZkaXYlM0UlMEElMjAlMjAlM0MlMkZkaXYlM0UlMEElM0MlMkZkaXYlM0U=[\/vc_raw_html][\/vc_column][vc_column width=&#8221;2\/3&#8243;][vc_column_text css=&#8221;&#8221;]<\/p>\n<h3>Optimitzaci\u00f3 del s\u00f2l amb Cal\u00e7:<br \/>\nTransformaci\u00f3 a una Pla\u00e7a de Castell\u00f2 d&#8217;Emp\u00faries<\/h3>\n<p>L&#8217;obra duta a terme per Excavacions Girona a la pla\u00e7a de Castell\u00f2 d&#8217;Emp\u00faries ha estat una fita en termes d&#8217;enginyeria i de transformaci\u00f3 urbana. Aquest projecte, centrat en l&#8217;estabilitzaci\u00f3 del s\u00f2l amb cal\u00e7, ha estat un proc\u00e9s innovador que ha requerit precisi\u00f3, experi\u00e8ncia i tecnologia d&#8217;avantguarda per aconseguir resultats excel\u00b7lents.[\/vc_column_text][\/vc_column][\/vc_row][vc_row][vc_column][vc_column_text css=&#8221;&#8221;]<\/p>\n<h3>La Import\u00e0ncia de l&#8217;Estabilitzaci\u00f3 del S\u00f2l amb Cal<\/h3>\n<p>Quan s&#8217;enfronten a s\u00f2ls amb alts nivells d&#8217;argila i contingut d&#8217;aigua, els constructors solen trobar desafiaments significatius. En lloc de rec\u00f3rrer a la substituci\u00f3 del s\u00f2l, una t\u00e8cnica cada cop m\u00e9s utilitzada \u00e9s l&#8217;estabilitzaci\u00f3 mitjan\u00e7ant cal\u00e7. Aquesta pr\u00e0ctica ofereix una s\u00e8rie d&#8217;avantatges notables, que van des de la millora de la resist\u00e8ncia del s\u00f2l fins a la reducci\u00f3 de la susceptibilitat a l&#8217;aigua, fet que la converteix en una opci\u00f3 atractiva per a una varietat de projectes de construcci\u00f3.<\/p>\n<h4>El Proc\u00e9s d&#8217;Estabilitzaci\u00f3 amb Cal<\/h4>\n<p>El proc\u00e9s d&#8217;estabilitzaci\u00f3 amb cal\u00e7 implica la barreja i compactaci\u00f3 del s\u00f2l amb cal\u00e7 a\u00e8ria, ja sigui viva o apagada, juntament amb aigua. Aquesta combinaci\u00f3 crea una reacci\u00f3 qu\u00edmica que altera les propietats del terra, millorant la seva resist\u00e8ncia i estabilitat. En el cas de la pla\u00e7a de Castell\u00f2 d&#8217;Emp\u00faries, aquest proc\u00e9s va ser fonamental per preparar el terreny per a futures infraestructures i garantir-ne la durabilitat al llarg del temps.<\/p>\n<h5>Selecci\u00f3 de Materials i Dosificaci\u00f3<\/h5>\n<p>\u00c9s crucial seleccionar els materials adequats per garantir l&#8217;efectivitat del tractament. En aquest projecte, es va utilitzar cal\u00e7 amb una alta concentraci\u00f3 d&#8217;\u00f2xid de calci, assegurant resultats \u00f2ptims. La dosificaci\u00f3 precisa de la cal\u00e7, ja sigui viva o apagada, \u00e9s essencial per assolir els nivells desitjats d&#8217;estabilitzaci\u00f3 i de resist\u00e8ncia del s\u00f2l.<\/p>\n<h5>Aplicaci\u00f3 &#8220;In Situ&#8221; vs. Central<\/h5>\n<p>Una de les decisions clau en el proc\u00e9s d&#8217;estabilitzaci\u00f3 \u00e9s dur a terme la barreja &#8220;in situ&#8221; o en una planta central. Tots dos m\u00e8todes tenen els seus avantatges i desavantatges, i l&#8217;elecci\u00f3 dep\u00e8n en gran mesura de les caracter\u00edstiques espec\u00edfiques del projecte i de les condicions del terreny. En el cas de la pla\u00e7a de Castell\u00f2 d&#8217;Emp\u00faries, l&#8217;aplicaci\u00f3 &#8220;in situ&#8221; va ser l&#8217;opci\u00f3 preferida, cosa que va permetre m\u00e9s flexibilitat i control sobre el proc\u00e9s.[\/vc_column_text][vc_masonry_media_grid style=&#8221;lazy&#8221; css=&#8221;.vc_custom_1715439050895{padding-top: 20px !important;padding-bottom: 20px !important;}&#8221; grid_id=&#8221;vc_gid:1715438933075-c1d51b454d71abecefea8dbe8cfcce52-4&#8243; include=&#8221;3722,3721,3720,3719,3718,3717&#8243;][vc_column_text css=&#8221;&#8221;]<\/p>\n<h4>Beneficis i Efectes de l&#8217;Estabilitzaci\u00f3 amb Cal<\/h4>\n<p>L&#8217;estabilitzaci\u00f3 del s\u00f2l amb cal\u00e7 ofereix una s\u00e8rie de beneficis significatius que influeixen en la resist\u00e8ncia, estabilitat i durabilitat del terreny. Aquests beneficis inclouen:<\/p>\n<ul>\n<li><strong>Reducci\u00f3 de la Humitat:<\/strong> La cal\u00e7 t\u00e9 la capacitat d&#8217;assecar efectivament el s\u00f2l en reaccionar exot\u00e8rmicament amb la humitat present, cosa que redueix la plasticitat i millora les caracter\u00edstiques de resist\u00e8ncia del s\u00f2l.<\/li >\n<li><strong>Millora de Propietats F\u00edsiques:<\/strong> La reacci\u00f3 qu\u00edmica entre la cal\u00e7 i els components del s\u00f2l condueix a canvis en la seva textura, granulometria i compacitat, cosa que millora la seva capacitat de retenci\u00f3 d&#8217;aigua i resist\u00e8ncia a les gelades.<\/li>\n<li><strong>Augment de la Resist\u00e8ncia:<\/strong> L&#8217;estabilitzaci\u00f3 amb cal\u00e7 augmenta la resist\u00e8ncia del s\u00f2l, cosa que el fa m\u00e9s adequat per suportar c\u00e0rregues pesades i reduir la susceptibilitat a la deformaci\u00f3 i l&#8217;erosi\u00f3.<\/li>\n<li><strong>Optimitzaci\u00f3 del Proc\u00e9s de Compactaci\u00f3:<\/strong> En augmentar la humitat \u00f2ptima de compactaci\u00f3, l&#8217;estabilitzaci\u00f3 amb cal\u00e7 facilita el proc\u00e9s de compactaci\u00f3 del s\u00f2l, garantint una major densitat i uniformitat en l&#8217;estructura del terreny.<\/strong> li>\n<\/ul>\n<h4>Aplicacions i Usos<\/h4>\n<p>L&#8217;estabilitzaci\u00f3 del s\u00f2l amb cal\u00e7 t\u00e9 una \u00e0mplia gamma d&#8217;aplicacions al camp de la construcci\u00f3 i l&#8217;enginyeria civil. Des de la preparaci\u00f3 de terrenys per a carreteres i paviments fins a la construcci\u00f3 d&#8217;infraestructures ferrovi\u00e0ries i aeroportu\u00e0ries, aquesta t\u00e8cnica ha esdevingut un element fonamental en nombrosos projectes d&#8217;enginyeria civil.<\/p>\n<h4>Projectes Destacats<\/h4>\n<p>Un dels aspectes m\u00e9s destacats de l\u00b4obra d\u00b4Excavacions Girona a la pla\u00e7a de Castell\u00f2 d\u00b4Emp\u00faries \u00e9s la seva aplicaci\u00f3 innovadora de l\u00b4estabilitzaci\u00f3 del s\u00f2l amb cal\u00e7. Aquest projecte ha demostrat l&#8217;efic\u00e0cia i la versatilitat d&#8217;aquesta t\u00e8cnica en l&#8217;\u00e0mbit urb\u00e0, obrint noves possibilitats per a la transformaci\u00f3 i el desenvolupament d&#8217;espais p\u00fablics.<\/p>\n<h4>Conclusions<\/h4>\n<p>En conclusi\u00f3, l&#8217;estabilitzaci\u00f3 del s\u00f2l amb cal\u00e7 \u00e9s una t\u00e8cnica fonamental al camp de l&#8217;enginyeria civil, que ofereix una s\u00e8rie de beneficis significatius en termes de resist\u00e8ncia, estabilitat i durabilitat del terreny. El projecte dut a terme per Excavacions Girona a la pla\u00e7a de Castell\u00f2 d&#8217;Emp\u00faries \u00e9s un exemple destacat de l&#8217;aplicaci\u00f3 reeixida d&#8217;aquesta t\u00e8cnica en un entorn urb\u00e0, destacant-ne la import\u00e0ncia i la rellev\u00e0ncia en el desenvolupament d&#8217;infraestructures sostenibles i resilients.[\/vc_column_text][\/vc_column][\/vc_row]<\/p>\n<\/div>","protected":false},"excerpt":{"rendered":"<p>[vc_row css=&#8221;.vc_custom_1715431518233{padding-bottom: 60px !important;}&#8221;][vc_column][vc_masonry_media_grid style=&#8221;lazy&#8221; element_width=&#8221;3&#8243; css=&#8221;&#8221; grid_id=&#8221;vc_gid:1715438933024-1ab8455b70ae20568c3727d55df8e7bc-10&#8243; include=&#8221;3716,3715,3714,3713,3712,3711,3710,3709,3708,3707,3717&#8243;][\/vc_column][\/vc_row][vc_row][vc_column width=&#8221;1\/3&#8243;][vc_raw_html css=&#8221;&#8221;]JTNDZGl2JTIwY2xhc3MlM0QlMjJlbnRyeS1pbmZvJTIyJTNFJTBBJTIwJTIwJTNDaDIlMjBjbGFzcyUzRCUyMnNpbmdsZS1wcm9qZWN0LXRpdGxlJTIwaW5mby10aXRsZSUyMiUzRURhZGVzJTIwZGUlMjBsJTI3b2JyYSUzQyUyRmgyJTNFJTBBJTIwJTIwJTNDZGl2JTIwY2xhc3MlM0QlMjJtZXRhcyUyMHJvdyUyMiUzRSUwQSUyMCUyMCUyMCUyMCUzQ2RpdiUyMGNsYXNzJTNEJTIyaW5mby1sZWZ0JTIwY29sLW1kLTYlMjIlM0UlMEElMjAlMjAlMjAlMjAlMjAlMjAlM0NkaXYlMjBjbGFzcyUzRCUyMm1ldGElMjBjbGllbnQlMjIlM0UlMjAlM0NpJTIwY2xhc3MlM0QlMjJmYSUyMGZhLW1hcC1tYXJrZXIlMjIlMjBhcmlhLWhpZGRlbiUzRCUyMnRydWUlMjIlM0UlM0MlMkZpJTNFJTBBJTIwJTIwJTIwJTIwJTIwJTIwJTIwJTIwJTNDaDQlM0VTaXR1YWNpJUMzJUIzJTNDJTJGaDQlM0UlMEElMjAlMjAlMjAlMjAlMjAlMjAlMjAlMjAlM0NwJTNFQ2FzdGVsbCVDMyVCMiUyMGQlMjdFbXAlQzMlQkFyaWVzJTNDJTJGcCUzRSUwQSUyMCUyMCUyMCUyMCUyMCUyMCUzQyUyRmRpdiUzRSUwQSUyMCUyMCUyMCUyMCUyMCUyMCUzQ2RpdiUyMGNsYXNzJTNEJTIybWV0YSUyMGNhdCUyMiUzRSUyMCUzQ2klMjBjbGFzcyUzRCUyMmZhJTIwZmEtZXVyJTIyJTIwYXJpYS1oaWRkZW4lM0QlMjJ0cnVlJTIyJTNFJTNDJTJGaSUzRSUwQSUyMCUyMCUyMCUyMCUyMCUyMCUyMCUyMCUzQ2g0JTNFUHJlc3N1cG9zdCUzQyUyRmg0JTNFJTBBJTIwJTIwJTIwJTIwJTIwJTIwJTIwJTIwJTNDcCUzRTE1LjAwMCUyMCVFMiU4MiVBQyUzQyUyRnAlM0UlMEElMjAlMjAlMjAlMjAlMjAlMjAlM0MlMkZkaXYlM0UlMEElMjAlMjAlMjAlMjAlM0MlMkZkaXYlM0UlMEElMjAlMjAlMjAlMjAlM0NkaXYlMjBjbGFzcyUzRCUyMmluZm8tcmlnaHQlMjBjb2wtbWQtNiUyMiUzRSUwQSUyMCUyMCUyMCUyMCUyMCUyMCUzQ2RpdiUyMGNsYXNzJTNEJTIybWV0YSUyMHN0YXJ0LWRhdGUlMjIlM0UlMjAlM0NpJTIwY2xhc3MlM0QlMjJmYSUyMGZhLWNhbGVuZGFyJTIyJTIwYXJpYS1oaWRkZW4lM0QlMjJ0cnVlJTIyJTNFJTNDJTJGaSUzRSUwQSUyMCUyMCUyMCUyMCUyMCUyMCUyMCUyMCUzQ2g0JTNFQW55JTNDJTJGaDQlM0UlMEElMjAlMjAlMjAlMjAlMjAlMjAlMjAlMjAlM0NwJTNFMjAyNCUzQyUyRnAlM0UlMEElMjAlMjAlMjAlMjAlMjAlMjAlM0MlMkZkaXYlM0UlMEElMjAlMjAlMjAlMjAlMjAlMjAlM0NkaXYlMjBjbGFzcyUzRCUyMm1ldGElMjBlbmQtZGF0ZSUyMiUzRSUyMCUzQ2klMjBjbGFzcyUzRCUyMmZhJTIwZmEtaW5kdXN0cnklMjIlMjBhcmlhLWhpZGRlbiUzRCUyMnRydWUlMjIlM0UlM0MlMkZpJTNFJTBBJTIwJTIwJTIwJTIwJTIwJTIwJTIwJTIwJTNDaDQlM0VUaXB1cyUzQyUyRmg0JTNFJTBBJTIwJTIwJTIwJTIwJTIwJTIwJTIwJTIwJTNDcCUzRU9icmElMjBDaXZpbCUzQyUyRnAlM0UlMEElMjAlMjAlMjAlMjAlMjAlMjAlM0MlMkZkaXYlM0UlMEElMjAlMjAlMjAlMjAlM0MlMkZkaXYlM0UlMEElMjAlMjAlM0MlMkZkaXYlM0UlMEElM0MlMkZkaXYlM0U=[\/vc_raw_html][\/vc_column][vc_column width=&#8221;2\/3&#8243;][vc_column_text css=&#8221;&#8221;] Optimitzaci\u00f3 del s\u00f2l amb Cal\u00e7: Transformaci\u00f3 a una Pla\u00e7a de Castell\u00f2 d&#8217;Emp\u00faries L&#8217;obra duta a terme per&hellip;<\/p>\n","protected":false},"author":1,"featured_media":3707,"parent":1086,"menu_order":0,"comment_status":"closed","ping_status":"closed","template":"","meta":{"footnotes":""},"class_list":["post-3703","page","type-page","status-publish","has-post-thumbnail","hentry",""],"yoast_head":"<!-- This site is optimized with the Yoast SEO Premium plugin v22.6 (Yoast SEO v24.1) - https:\/\/yoast.com\/wordpress\/plugins\/seo\/ -->\n<title>Estabilitzaci\u00f3 de s\u00f2l a Castell\u00f2 d\u2019Emp\u00faries - Excavacions Girona<\/title>\n<meta name=\"description\" content=\"Descobreix com l&#039;estabilitzaci\u00f3 amb cal va transformar la pla\u00e7a de Castell\u00f2 d&#039;Emp\u00faries. Una t\u00e8cnica innovadora per optimitzar terrenys.\" \/>\n<meta name=\"robots\" content=\"index, follow, max-snippet:-1, max-image-preview:large, max-video-preview:-1\" \/>\n<link rel=\"canonical\" href=\"https:\/\/excavacionsgirona.com\/cat\/empresa\/estabilitzacio-sol-castello-empuries\/\" \/>\n<meta property=\"og:locale\" content=\"ca_ES\" \/>\n<meta property=\"og:type\" content=\"article\" \/>\n<meta property=\"og:title\" content=\"Estabilitzaci\u00f3 de s\u00f2l a Castell\u00f2 d\u2019Emp\u00faries\" \/>\n<meta property=\"og:description\" content=\"Descobreix com l&#039;estabilitzaci\u00f3 amb cal va transformar la pla\u00e7a de Castell\u00f2 d&#039;Emp\u00faries. Una t\u00e8cnica innovadora per optimitzar terrenys urbans.\" \/>\n<meta property=\"og:url\" content=\"https:\/\/excavacionsgirona.com\/cat\/empresa\/estabilitzacio-sol-castello-empuries\/\" \/>\n<meta property=\"og:site_name\" content=\"Excavacions Girona\" \/>\n<meta property=\"article:publisher\" content=\"https:\/\/www.facebook.com\/61556719241692\" \/>\n<meta property=\"article:modified_time\" content=\"2024-05-11T14:56:11+00:00\" \/>\n<meta property=\"og:image\" content=\"https:\/\/excavacionsgirona.com\/cat\/wp-content\/uploads\/2024\/05\/paviment-estabilitzat-Castello-Empuries-02.jpg\" \/>\n\t<meta property=\"og:image:width\" content=\"1920\" \/>\n\t<meta property=\"og:image:height\" content=\"1044\" \/>\n\t<meta property=\"og:image:type\" content=\"image\/jpeg\" \/>\n<meta name=\"twitter:card\" content=\"summary_large_image\" \/>\n<meta name=\"twitter:description\" content=\"L&#039;estabilitzaci\u00f3 amb cal va transformar la pla\u00e7a de Castell\u00f2 d&#039;Emp\u00faries. Una t\u00e8cnica innovadora per optimitzar terrenys urbans.\" \/>\n<meta name=\"twitter:site\" content=\"@excavagirona\" \/>\n<meta name=\"twitter:label1\" content=\"Temps estimat de lectura\" \/>\n\t<meta name=\"twitter:data1\" content=\"8 minuts\" \/>\n<script type=\"application\/ld+json\" class=\"yoast-schema-graph\">{\"@context\":\"https:\/\/schema.org\",\"@graph\":[{\"@type\":\"WebPage\",\"@id\":\"https:\/\/excavacionsgirona.com\/cat\/empresa\/estabilitzacio-sol-castello-empuries\/\",\"url\":\"https:\/\/excavacionsgirona.com\/cat\/empresa\/estabilitzacio-sol-castello-empuries\/\",\"name\":\"Estabilitzaci\u00f3 de s\u00f2l a Castell\u00f2 d\u2019Emp\u00faries - Excavacions Girona\",\"isPartOf\":{\"@id\":\"https:\/\/excavacionsgirona.com\/cat\/#website\"},\"primaryImageOfPage\":{\"@id\":\"https:\/\/excavacionsgirona.com\/cat\/empresa\/estabilitzacio-sol-castello-empuries\/#primaryimage\"},\"image\":{\"@id\":\"https:\/\/excavacionsgirona.com\/cat\/empresa\/estabilitzacio-sol-castello-empuries\/#primaryimage\"},\"thumbnailUrl\":\"https:\/\/excavacionsgirona.com\/cat\/wp-content\/uploads\/2024\/05\/paviment-estabilitzat-Castello-Empuries-02.jpg\",\"datePublished\":\"2024-05-11T14:41:59+00:00\",\"dateModified\":\"2024-05-11T14:56:11+00:00\",\"description\":\"Descobreix com l'estabilitzaci\u00f3 amb cal va transformar la pla\u00e7a de Castell\u00f2 d'Emp\u00faries. Una t\u00e8cnica innovadora per optimitzar terrenys.\",\"breadcrumb\":{\"@id\":\"https:\/\/excavacionsgirona.com\/cat\/empresa\/estabilitzacio-sol-castello-empuries\/#breadcrumb\"},\"inLanguage\":\"ca\",\"potentialAction\":[{\"@type\":\"ReadAction\",\"target\":[\"https:\/\/excavacionsgirona.com\/cat\/empresa\/estabilitzacio-sol-castello-empuries\/\"]}]},{\"@type\":\"ImageObject\",\"inLanguage\":\"ca\",\"@id\":\"https:\/\/excavacionsgirona.com\/cat\/empresa\/estabilitzacio-sol-castello-empuries\/#primaryimage\",\"url\":\"https:\/\/excavacionsgirona.com\/cat\/wp-content\/uploads\/2024\/05\/paviment-estabilitzat-Castello-Empuries-02.jpg\",\"contentUrl\":\"https:\/\/excavacionsgirona.com\/cat\/wp-content\/uploads\/2024\/05\/paviment-estabilitzat-Castello-Empuries-02.jpg\",\"width\":1920,\"height\":1044,\"caption\":\"Imatge de l'estabilitzadora de s\u00f2ls en ple proc\u00e9s de millora del terreny amb cal a la pla\u00e7a de Castell\u00f2 d'Emp\u00faries.\"},{\"@type\":\"BreadcrumbList\",\"@id\":\"https:\/\/excavacionsgirona.com\/cat\/empresa\/estabilitzacio-sol-castello-empuries\/#breadcrumb\",\"itemListElement\":[{\"@type\":\"ListItem\",\"position\":1,\"name\":\"Inici\",\"item\":\"https:\/\/excavacionsgirona.com\/cat\/\"},{\"@type\":\"ListItem\",\"position\":2,\"name\":\"Empresa\",\"item\":\"https:\/\/excavacionsgirona.com\/cat\/empresa\/\"},{\"@type\":\"ListItem\",\"position\":3,\"name\":\"Estabilitzaci\u00f3 de s\u00f2l a Castell\u00f2 d\u2019Emp\u00faries\"}]},{\"@type\":\"WebSite\",\"@id\":\"https:\/\/excavacionsgirona.com\/cat\/#website\",\"url\":\"https:\/\/excavacionsgirona.com\/cat\/\",\"name\":\"Excavacions Girona\",\"description\":\"Excavacions Girona, moviment de terres, fonaments\",\"publisher\":{\"@id\":\"https:\/\/excavacionsgirona.com\/cat\/#organization\"},\"alternateName\":\"Excavaciones Girona\",\"potentialAction\":[{\"@type\":\"SearchAction\",\"target\":{\"@type\":\"EntryPoint\",\"urlTemplate\":\"https:\/\/excavacionsgirona.com\/cat\/?s={search_term_string}\"},\"query-input\":{\"@type\":\"PropertyValueSpecification\",\"valueRequired\":true,\"valueName\":\"search_term_string\"}}],\"inLanguage\":\"ca\"},{\"@type\":\"Organization\",\"@id\":\"https:\/\/excavacionsgirona.com\/cat\/#organization\",\"name\":\"Excavacions Girona\",\"alternateName\":\"Excavaciones Girona\",\"url\":\"https:\/\/excavacionsgirona.com\/cat\/\",\"logo\":{\"@type\":\"ImageObject\",\"inLanguage\":\"ca\",\"@id\":\"https:\/\/excavacionsgirona.com\/cat\/#\/schema\/logo\/image\/\",\"url\":\"https:\/\/excavacionsgirona.com\/cat\/wp-content\/uploads\/2024\/02\/logo-excavaciones-girona.svg\",\"contentUrl\":\"https:\/\/excavacionsgirona.com\/cat\/wp-content\/uploads\/2024\/02\/logo-excavaciones-girona.svg\",\"width\":1,\"height\":1,\"caption\":\"Excavacions Girona\"},\"image\":{\"@id\":\"https:\/\/excavacionsgirona.com\/cat\/#\/schema\/logo\/image\/\"},\"sameAs\":[\"https:\/\/www.facebook.com\/61556719241692\",\"https:\/\/x.com\/excavagirona\",\"https:\/\/www.linkedin.com\/company\/excavaciones-girona\"],\"description\":\"Descobreix Excavacions Girona, l\u00edder en serveis d\u00b4excavaci\u00f3 i moviment de terres a Girona. Experi\u00e8ncia, tecnologia avan\u00e7ada i comprom\u00eds ambiental per a projectes d'\u00e8xit en construcci\u00f3 i obra civil.\",\"email\":\"info@excavacionsgirona.com\",\"telephone\":\"633 72 54 38\",\"legalName\":\"Excavacions Girona\",\"foundingDate\":\"2022-01-01\",\"numberOfEmployees\":{\"@type\":\"QuantitativeValue\",\"minValue\":\"11\",\"maxValue\":\"50\"}}]}<\/script>\n<!-- \/ Yoast SEO Premium plugin. -->","yoast_head_json":{"title":"Estabilitzaci\u00f3 de s\u00f2l a Castell\u00f2 d\u2019Emp\u00faries - Excavacions Girona","description":"Descobreix com l'estabilitzaci\u00f3 amb cal va transformar la pla\u00e7a de Castell\u00f2 d'Emp\u00faries. Una t\u00e8cnica innovadora per optimitzar terrenys.","robots":{"index":"index","follow":"follow","max-snippet":"max-snippet:-1","max-image-preview":"max-image-preview:large","max-video-preview":"max-video-preview:-1"},"canonical":"https:\/\/excavacionsgirona.com\/cat\/empresa\/estabilitzacio-sol-castello-empuries\/","og_locale":"ca_ES","og_type":"article","og_title":"Estabilitzaci\u00f3 de s\u00f2l a Castell\u00f2 d\u2019Emp\u00faries","og_description":"Descobreix com l'estabilitzaci\u00f3 amb cal va transformar la pla\u00e7a de Castell\u00f2 d'Emp\u00faries. Una t\u00e8cnica innovadora per optimitzar terrenys urbans.","og_url":"https:\/\/excavacionsgirona.com\/cat\/empresa\/estabilitzacio-sol-castello-empuries\/","og_site_name":"Excavacions Girona","article_publisher":"https:\/\/www.facebook.com\/61556719241692","article_modified_time":"2024-05-11T14:56:11+00:00","og_image":[{"width":1920,"height":1044,"url":"https:\/\/excavacionsgirona.com\/cat\/wp-content\/uploads\/2024\/05\/paviment-estabilitzat-Castello-Empuries-02.jpg","type":"image\/jpeg"}],"twitter_card":"summary_large_image","twitter_description":"L'estabilitzaci\u00f3 amb cal va transformar la pla\u00e7a de Castell\u00f2 d'Emp\u00faries. Una t\u00e8cnica innovadora per optimitzar terrenys urbans.","twitter_site":"@excavagirona","twitter_misc":{"Temps estimat de lectura":"8 minuts"},"schema":{"@context":"https:\/\/schema.org","@graph":[{"@type":"WebPage","@id":"https:\/\/excavacionsgirona.com\/cat\/empresa\/estabilitzacio-sol-castello-empuries\/","url":"https:\/\/excavacionsgirona.com\/cat\/empresa\/estabilitzacio-sol-castello-empuries\/","name":"Estabilitzaci\u00f3 de s\u00f2l a Castell\u00f2 d\u2019Emp\u00faries - Excavacions Girona","isPartOf":{"@id":"https:\/\/excavacionsgirona.com\/cat\/#website"},"primaryImageOfPage":{"@id":"https:\/\/excavacionsgirona.com\/cat\/empresa\/estabilitzacio-sol-castello-empuries\/#primaryimage"},"image":{"@id":"https:\/\/excavacionsgirona.com\/cat\/empresa\/estabilitzacio-sol-castello-empuries\/#primaryimage"},"thumbnailUrl":"https:\/\/excavacionsgirona.com\/cat\/wp-content\/uploads\/2024\/05\/paviment-estabilitzat-Castello-Empuries-02.jpg","datePublished":"2024-05-11T14:41:59+00:00","dateModified":"2024-05-11T14:56:11+00:00","description":"Descobreix com l'estabilitzaci\u00f3 amb cal va transformar la pla\u00e7a de Castell\u00f2 d'Emp\u00faries. Una t\u00e8cnica innovadora per optimitzar terrenys.","breadcrumb":{"@id":"https:\/\/excavacionsgirona.com\/cat\/empresa\/estabilitzacio-sol-castello-empuries\/#breadcrumb"},"inLanguage":"ca","potentialAction":[{"@type":"ReadAction","target":["https:\/\/excavacionsgirona.com\/cat\/empresa\/estabilitzacio-sol-castello-empuries\/"]}]},{"@type":"ImageObject","inLanguage":"ca","@id":"https:\/\/excavacionsgirona.com\/cat\/empresa\/estabilitzacio-sol-castello-empuries\/#primaryimage","url":"https:\/\/excavacionsgirona.com\/cat\/wp-content\/uploads\/2024\/05\/paviment-estabilitzat-Castello-Empuries-02.jpg","contentUrl":"https:\/\/excavacionsgirona.com\/cat\/wp-content\/uploads\/2024\/05\/paviment-estabilitzat-Castello-Empuries-02.jpg","width":1920,"height":1044,"caption":"Imatge de l'estabilitzadora de s\u00f2ls en ple proc\u00e9s de millora del terreny amb cal a la pla\u00e7a de Castell\u00f2 d'Emp\u00faries."},{"@type":"BreadcrumbList","@id":"https:\/\/excavacionsgirona.com\/cat\/empresa\/estabilitzacio-sol-castello-empuries\/#breadcrumb","itemListElement":[{"@type":"ListItem","position":1,"name":"Inici","item":"https:\/\/excavacionsgirona.com\/cat\/"},{"@type":"ListItem","position":2,"name":"Empresa","item":"https:\/\/excavacionsgirona.com\/cat\/empresa\/"},{"@type":"ListItem","position":3,"name":"Estabilitzaci\u00f3 de s\u00f2l a Castell\u00f2 d\u2019Emp\u00faries"}]},{"@type":"WebSite","@id":"https:\/\/excavacionsgirona.com\/cat\/#website","url":"https:\/\/excavacionsgirona.com\/cat\/","name":"Excavacions Girona","description":"Excavacions Girona, moviment de terres, fonaments","publisher":{"@id":"https:\/\/excavacionsgirona.com\/cat\/#organization"},"alternateName":"Excavaciones Girona","potentialAction":[{"@type":"SearchAction","target":{"@type":"EntryPoint","urlTemplate":"https:\/\/excavacionsgirona.com\/cat\/?s={search_term_string}"},"query-input":{"@type":"PropertyValueSpecification","valueRequired":true,"valueName":"search_term_string"}}],"inLanguage":"ca"},{"@type":"Organization","@id":"https:\/\/excavacionsgirona.com\/cat\/#organization","name":"Excavacions Girona","alternateName":"Excavaciones Girona","url":"https:\/\/excavacionsgirona.com\/cat\/","logo":{"@type":"ImageObject","inLanguage":"ca","@id":"https:\/\/excavacionsgirona.com\/cat\/#\/schema\/logo\/image\/","url":"https:\/\/excavacionsgirona.com\/cat\/wp-content\/uploads\/2024\/02\/logo-excavaciones-girona.svg","contentUrl":"https:\/\/excavacionsgirona.com\/cat\/wp-content\/uploads\/2024\/02\/logo-excavaciones-girona.svg","width":1,"height":1,"caption":"Excavacions Girona"},"image":{"@id":"https:\/\/excavacionsgirona.com\/cat\/#\/schema\/logo\/image\/"},"sameAs":["https:\/\/www.facebook.com\/61556719241692","https:\/\/x.com\/excavagirona","https:\/\/www.linkedin.com\/company\/excavaciones-girona"],"description":"Descobreix Excavacions Girona, l\u00edder en serveis d\u00b4excavaci\u00f3 i moviment de terres a Girona. Experi\u00e8ncia, tecnologia avan\u00e7ada i comprom\u00eds ambiental per a projectes d'\u00e8xit en construcci\u00f3 i obra civil.","email":"info@excavacionsgirona.com","telephone":"633 72 54 38","legalName":"Excavacions Girona","foundingDate":"2022-01-01","numberOfEmployees":{"@type":"QuantitativeValue","minValue":"11","maxValue":"50"}}]}},"_links":{"self":[{"href":"https:\/\/excavacionsgirona.com\/cat\/wp-json\/wp\/v2\/pages\/3703","targetHints":{"allow":["GET"]}}],"collection":[{"href":"https:\/\/excavacionsgirona.com\/cat\/wp-json\/wp\/v2\/pages"}],"about":[{"href":"https:\/\/excavacionsgirona.com\/cat\/wp-json\/wp\/v2\/types\/page"}],"author":[{"embeddable":true,"href":"https:\/\/excavacionsgirona.com\/cat\/wp-json\/wp\/v2\/users\/1"}],"replies":[{"embeddable":true,"href":"https:\/\/excavacionsgirona.com\/cat\/wp-json\/wp\/v2\/comments?post=3703"}],"version-history":[{"count":7,"href":"https:\/\/excavacionsgirona.com\/cat\/wp-json\/wp\/v2\/pages\/3703\/revisions"}],"predecessor-version":[{"id":3727,"href":"https:\/\/excavacionsgirona.com\/cat\/wp-json\/wp\/v2\/pages\/3703\/revisions\/3727"}],"up":[{"embeddable":true,"href":"https:\/\/excavacionsgirona.com\/cat\/wp-json\/wp\/v2\/pages\/1086"}],"wp:featuredmedia":[{"embeddable":true,"href":"https:\/\/excavacionsgirona.com\/cat\/wp-json\/wp\/v2\/media\/3707"}],"wp:attachment":[{"href":"https:\/\/excavacionsgirona.com\/cat\/wp-json\/wp\/v2\/media?parent=3703"}],"curies":[{"name":"wp","href":"https:\/\/api.w.org\/{rel}","templated":true}]}}