{"id":3309,"date":"2024-03-10T08:38:08","date_gmt":"2024-03-10T08:38:08","guid":{"rendered":"https:\/\/excavacionsgirona.com\/cat\/?page_id=3309"},"modified":"2024-03-17T08:57:42","modified_gmt":"2024-03-17T08:57:42","slug":"politica-de-cookies","status":"publish","type":"page","link":"https:\/\/excavacionsgirona.com\/cat\/politica-de-cookies\/","title":{"rendered":"Pol\u00edtica de Cookies"},"content":{"rendered":"<h5>Objete<\/h5>\n<p>La finalitat de la present pol\u00edtica \u00e9s proporcionar informaci\u00f3 sobre l\u00fas de cookies en aquest lloc web dacord amb la legislaci\u00f3 de serveis de la societat de la informaci\u00f3 i comer\u00e7 electr\u00f2nic.<\/p>\n<h5>Qu\u00e8 s\u00f3n les cookies i per qu\u00e8 s&#8217;utilitzen?<\/h5>\n<p>Les cookies s\u00f3n fitxers de text que un servidor web emmagatzema a l&#8217;equip de l&#8217;usuari en accedir a certes p\u00e0gines web. Podeu contenir un codi que identifica l&#8217;usuari durant la navegaci\u00f3. Aquestes permeten emmagatzemar informaci\u00f3 sobre l&#8217;equip i les sessions de navegaci\u00f3, millorant l&#8217;experi\u00e8ncia de l&#8217;usuari i recopilant estad\u00edstiques d&#8217;\u00fas.<\/p>\n<p>En resum, les cookies en aquest lloc web permeten obtenir informaci\u00f3 sobre la navegaci\u00f3, millorar l&#8217;experi\u00e8ncia de l&#8217;usuari, recopilar estad\u00edstiques d&#8217;\u00fas, geolocalitzar l&#8217;usuari, mesurar l&#8217;efectivitat de campanyes de correu electr\u00f2nic i fer informes de seguiment.<\/p>\n<p>Aquest lloc web utilitza cookies pr\u00f2pies i de tercers. A continuaci\u00f3, l&#8217;usuari trobar\u00e0 informaci\u00f3 detallada.<\/p>\n<h5>Com s&#8217;autoritza l&#8217;\u00fas de les cookies al nostre lloc web?<\/h5>\n<p>L&#8217;usuari autoritza l&#8217;\u00fas de cookies en acceptar-les mitjan\u00e7ant les opcions proporcionades a la primera capa d&#8217;informaci\u00f3. Encara que s&#8217;acceptin inicialment, l&#8217;usuari pot revocar el consentiment en qualsevol moment deshabilitant-les segons s&#8217;indica a la pol\u00edtica.<\/p>\n<p>L&#8217;usuari t\u00e9 control sobre les cookies emmagatzemades al vostre navegador i pot llegir-les, filtrar-les, rebutjar-les o eliminar-les en qualsevol moment.<\/p>\n<h5>Quines s\u00f3n les cookies de tercers utilitzades i la seva finalitat?<\/h5>\n<ul>\n<li><strong>Google Analytics:<\/strong>\n<ul>\n<li><em>Ubicaci\u00f3:<\/em> Proporciona dades an\u00f2nimes sobre visites al lloc web.<\/li>\n<li><em>Prove\u00efdor:<\/em> Google Inc.<\/li>\n<\/ul>\n<\/li>\n<li><strong>Add to Any:<\/strong>\n<ul>\n<li><em>Interacci\u00f3 social:<\/em> Permet compartir la web a xarxes socials.<\/li>\n<li><em>Prove\u00efdor:<\/em> AddToAny<\/li>\n<\/ul>\n<\/li>\n<li><strong>AddThis:<\/strong>\n<ul>\n<li><em>Eines web. Interacci\u00f3 social:<\/em> Permet compartir la web a xarxes socials.<\/li>\n<li><em>Prove\u00efdor:<\/em> Oracle Inc.<\/li>\n<\/ul>\n<\/li>\n<li><strong>Adobe Omniture:<\/strong>\n<ul>\n<li><em>Anal\u00edtiques:<\/em> Proporciona dades an\u00f2nimes sobre visites i avaluaci\u00f3 de la presentaci\u00f3 web.<\/li>\n<li><em>Prove\u00efdor:<\/em> Adobe Systems Incorporated<\/li>\n<\/ul>\n<\/li>\n<li><strong>YouTube:<\/strong>\n<ul>\n<li><em>Web Video:<\/em> Permet la pujada i visualitzaci\u00f3 de v\u00eddeos.<\/li>\n<li><em>Prove\u00efdor:<\/em> Google Inc.<\/li>\n<\/ul>\n<\/li>\n<li><strong>Facebook:<\/strong>\n<ul>\n<li><em>Facebook Like, Comments, Feed:<\/em> Interacci\u00f3 social.<\/li>\n<li><em>Prove\u00efdor:<\/em> Facebook Inc.<\/li>\n<\/ul>\n<\/li>\n<li><strong>Twitter:<\/strong>\n<ul>\n<li><em>Follow Us:<\/em> Interacci\u00f3 social.<\/li>\n<li><em>Prove\u00efdor:<\/em> Twitter Inc.<\/li>\n<\/ul>\n<\/li>\n<\/ul>\n<h5>Com es pot rebutjar, desactivar i eliminar les cookies?<\/h5>\n<p>L&#8217;usuari pot impedir, rebutjar, desactivar o eliminar cookiesen qualsevol moment mitjan\u00e7ant la configuraci\u00f3 de les opcions del navegador instal\u00b7lat al vostre ordinador. A continuaci\u00f3, es proporcionen enlla\u00e7os a les instruccions de configuraci\u00f3 per a navegadors comuns:<\/p>\n<ul>\n<li><a href=\"http:\/\/support.mozilla.org\/es\/kb\/Borrar%20cookies\" target=\"_new\" rel=\"noopener\">Firefox<\/a><\/li>\n<li><a href=\"http:\/\/support.google.com\/chrome\/bin\/answer.py?hl=es&amp;answer=95647\" target=\"_new\" rel=\"noopener\">Chrome<\/a><\/li>\n<li><a href=\"https:\/\/support.microsoft.com\/es-es\/kb\/278835\" target=\"_new\" rel=\"noopener\">Internet Explorer<\/a><\/li>\n<li><a href=\"http:\/\/support.apple.com\/kb\/ph5042\">Safari<\/a><\/li>\n<li><a href=\"https:\/\/help.opera.com\/en\/latest\/web-preferences\/#cookies\" target=\"_new\" rel=\"noopener\">Opera<\/a><\/li>\n<li><a href=\"https:\/\/privacy.microsoft.com\/es-es\/windows-10-microsoft-edge-and-privacy\">Microsoft Edge<\/a><\/li>\n<\/ul>\n<p>L&#8217;usuari pot revocar el consentiment per a l&#8217;\u00fas de galetes a trav\u00e9s de les indicacions anteriors. Es recomana accedir peri\u00f2dicament a aquesta pol\u00edtica per con\u00e8ixer possibles canvis, els quals seran publicats i notificats, si cal, mitjan\u00e7ant un av\u00eds al nostre lloc web o altres mitjans.<\/p>\n","protected":false},"excerpt":{"rendered":"<p>Objete La finalitat de la present pol\u00edtica \u00e9s proporcionar informaci\u00f3 sobre l\u00fas de cookies en aquest lloc web dacord amb la legislaci\u00f3 de serveis de la societat de la informaci\u00f3&hellip;<\/p>\n","protected":false},"author":1,"featured_media":0,"parent":0,"menu_order":93,"comment_status":"closed","ping_status":"closed","template":"","meta":{"footnotes":""},"class_list":["post-3309","page","type-page","status-publish","hentry","no-thumb"],"yoast_head":"<!-- This site is optimized with the Yoast SEO Premium plugin v22.6 (Yoast SEO v24.1) - https:\/\/yoast.com\/wordpress\/plugins\/seo\/ -->\n<title>Pol\u00edtica de Cookies - Excavacions Girona<\/title>\n<meta name=\"robots\" content=\"noindex, nofollow\" \/>\n<meta property=\"og:locale\" content=\"ca_ES\" \/>\n<meta property=\"og:type\" content=\"article\" \/>\n<meta property=\"og:title\" content=\"Pol\u00edtica de Cookies\" \/>\n<meta property=\"og:description\" content=\"Objete La finalitat de la present pol\u00edtica \u00e9s proporcionar informaci\u00f3 sobre l\u00fas de cookies en aquest lloc web dacord amb la legislaci\u00f3 de serveis de la societat de la informaci\u00f3&hellip;\" \/>\n<meta property=\"og:url\" content=\"https:\/\/excavacionsgirona.com\/cat\/politica-de-cookies\/\" \/>\n<meta property=\"og:site_name\" content=\"Excavacions Girona\" \/>\n<meta property=\"article:publisher\" content=\"https:\/\/www.facebook.com\/61556719241692\" \/>\n<meta property=\"article:modified_time\" content=\"2024-03-17T08:57:42+00:00\" \/>\n<meta name=\"twitter:card\" content=\"summary_large_image\" \/>\n<meta name=\"twitter:site\" content=\"@excavagirona\" \/>\n<meta name=\"twitter:label1\" content=\"Temps estimat de lectura\" \/>\n\t<meta name=\"twitter:data1\" content=\"3 minuts\" \/>\n<script type=\"application\/ld+json\" class=\"yoast-schema-graph\">{\"@context\":\"https:\/\/schema.org\",\"@graph\":[{\"@type\":\"WebPage\",\"@id\":\"https:\/\/excavacionsgirona.com\/cat\/politica-de-cookies\/\",\"url\":\"https:\/\/excavacionsgirona.com\/cat\/politica-de-cookies\/\",\"name\":\"Pol\u00edtica de Cookies - Excavacions Girona\",\"isPartOf\":{\"@id\":\"https:\/\/excavacionsgirona.com\/cat\/#website\"},\"datePublished\":\"2024-03-10T08:38:08+00:00\",\"dateModified\":\"2024-03-17T08:57:42+00:00\",\"breadcrumb\":{\"@id\":\"https:\/\/excavacionsgirona.com\/cat\/politica-de-cookies\/#breadcrumb\"},\"inLanguage\":\"ca\",\"potentialAction\":[{\"@type\":\"ReadAction\",\"target\":[\"https:\/\/excavacionsgirona.com\/cat\/politica-de-cookies\/\"]}]},{\"@type\":\"BreadcrumbList\",\"@id\":\"https:\/\/excavacionsgirona.com\/cat\/politica-de-cookies\/#breadcrumb\",\"itemListElement\":[{\"@type\":\"ListItem\",\"position\":1,\"name\":\"Inici\",\"item\":\"https:\/\/excavacionsgirona.com\/cat\/\"},{\"@type\":\"ListItem\",\"position\":2,\"name\":\"Pol\u00edtica de Cookies\"}]},{\"@type\":\"WebSite\",\"@id\":\"https:\/\/excavacionsgirona.com\/cat\/#website\",\"url\":\"https:\/\/excavacionsgirona.com\/cat\/\",\"name\":\"Excavacions Girona\",\"description\":\"Excavacions Girona, moviment de terres, fonaments\",\"publisher\":{\"@id\":\"https:\/\/excavacionsgirona.com\/cat\/#organization\"},\"alternateName\":\"Excavaciones Girona\",\"potentialAction\":[{\"@type\":\"SearchAction\",\"target\":{\"@type\":\"EntryPoint\",\"urlTemplate\":\"https:\/\/excavacionsgirona.com\/cat\/?s={search_term_string}\"},\"query-input\":{\"@type\":\"PropertyValueSpecification\",\"valueRequired\":true,\"valueName\":\"search_term_string\"}}],\"inLanguage\":\"ca\"},{\"@type\":\"Organization\",\"@id\":\"https:\/\/excavacionsgirona.com\/cat\/#organization\",\"name\":\"Excavacions Girona\",\"alternateName\":\"Excavaciones Girona\",\"url\":\"https:\/\/excavacionsgirona.com\/cat\/\",\"logo\":{\"@type\":\"ImageObject\",\"inLanguage\":\"ca\",\"@id\":\"https:\/\/excavacionsgirona.com\/cat\/#\/schema\/logo\/image\/\",\"url\":\"https:\/\/excavacionsgirona.com\/cat\/wp-content\/uploads\/2024\/02\/logo-excavaciones-girona.svg\",\"contentUrl\":\"https:\/\/excavacionsgirona.com\/cat\/wp-content\/uploads\/2024\/02\/logo-excavaciones-girona.svg\",\"width\":1,\"height\":1,\"caption\":\"Excavacions Girona\"},\"image\":{\"@id\":\"https:\/\/excavacionsgirona.com\/cat\/#\/schema\/logo\/image\/\"},\"sameAs\":[\"https:\/\/www.facebook.com\/61556719241692\",\"https:\/\/x.com\/excavagirona\",\"https:\/\/www.linkedin.com\/company\/excavaciones-girona\"],\"description\":\"Descobreix Excavacions Girona, l\u00edder en serveis d\u00b4excavaci\u00f3 i moviment de terres a Girona. Experi\u00e8ncia, tecnologia avan\u00e7ada i comprom\u00eds ambiental per a projectes d'\u00e8xit en construcci\u00f3 i obra civil.\",\"email\":\"info@excavacionsgirona.com\",\"telephone\":\"633 72 54 38\",\"legalName\":\"Excavacions Girona\",\"foundingDate\":\"2022-01-01\",\"numberOfEmployees\":{\"@type\":\"QuantitativeValue\",\"minValue\":\"11\",\"maxValue\":\"50\"}}]}<\/script>\n<!-- \/ Yoast SEO Premium plugin. -->","yoast_head_json":{"title":"Pol\u00edtica de Cookies - Excavacions Girona","robots":{"index":"noindex","follow":"nofollow"},"og_locale":"ca_ES","og_type":"article","og_title":"Pol\u00edtica de Cookies","og_description":"Objete La finalitat de la present pol\u00edtica \u00e9s proporcionar informaci\u00f3 sobre l\u00fas de cookies en aquest lloc web dacord amb la legislaci\u00f3 de serveis de la societat de la informaci\u00f3&hellip;","og_url":"https:\/\/excavacionsgirona.com\/cat\/politica-de-cookies\/","og_site_name":"Excavacions Girona","article_publisher":"https:\/\/www.facebook.com\/61556719241692","article_modified_time":"2024-03-17T08:57:42+00:00","twitter_card":"summary_large_image","twitter_site":"@excavagirona","twitter_misc":{"Temps estimat de lectura":"3 minuts"},"schema":{"@context":"https:\/\/schema.org","@graph":[{"@type":"WebPage","@id":"https:\/\/excavacionsgirona.com\/cat\/politica-de-cookies\/","url":"https:\/\/excavacionsgirona.com\/cat\/politica-de-cookies\/","name":"Pol\u00edtica de Cookies - Excavacions Girona","isPartOf":{"@id":"https:\/\/excavacionsgirona.com\/cat\/#website"},"datePublished":"2024-03-10T08:38:08+00:00","dateModified":"2024-03-17T08:57:42+00:00","breadcrumb":{"@id":"https:\/\/excavacionsgirona.com\/cat\/politica-de-cookies\/#breadcrumb"},"inLanguage":"ca","potentialAction":[{"@type":"ReadAction","target":["https:\/\/excavacionsgirona.com\/cat\/politica-de-cookies\/"]}]},{"@type":"BreadcrumbList","@id":"https:\/\/excavacionsgirona.com\/cat\/politica-de-cookies\/#breadcrumb","itemListElement":[{"@type":"ListItem","position":1,"name":"Inici","item":"https:\/\/excavacionsgirona.com\/cat\/"},{"@type":"ListItem","position":2,"name":"Pol\u00edtica de Cookies"}]},{"@type":"WebSite","@id":"https:\/\/excavacionsgirona.com\/cat\/#website","url":"https:\/\/excavacionsgirona.com\/cat\/","name":"Excavacions Girona","description":"Excavacions Girona, moviment de terres, fonaments","publisher":{"@id":"https:\/\/excavacionsgirona.com\/cat\/#organization"},"alternateName":"Excavaciones Girona","potentialAction":[{"@type":"SearchAction","target":{"@type":"EntryPoint","urlTemplate":"https:\/\/excavacionsgirona.com\/cat\/?s={search_term_string}"},"query-input":{"@type":"PropertyValueSpecification","valueRequired":true,"valueName":"search_term_string"}}],"inLanguage":"ca"},{"@type":"Organization","@id":"https:\/\/excavacionsgirona.com\/cat\/#organization","name":"Excavacions Girona","alternateName":"Excavaciones Girona","url":"https:\/\/excavacionsgirona.com\/cat\/","logo":{"@type":"ImageObject","inLanguage":"ca","@id":"https:\/\/excavacionsgirona.com\/cat\/#\/schema\/logo\/image\/","url":"https:\/\/excavacionsgirona.com\/cat\/wp-content\/uploads\/2024\/02\/logo-excavaciones-girona.svg","contentUrl":"https:\/\/excavacionsgirona.com\/cat\/wp-content\/uploads\/2024\/02\/logo-excavaciones-girona.svg","width":1,"height":1,"caption":"Excavacions Girona"},"image":{"@id":"https:\/\/excavacionsgirona.com\/cat\/#\/schema\/logo\/image\/"},"sameAs":["https:\/\/www.facebook.com\/61556719241692","https:\/\/x.com\/excavagirona","https:\/\/www.linkedin.com\/company\/excavaciones-girona"],"description":"Descobreix Excavacions Girona, l\u00edder en serveis d\u00b4excavaci\u00f3 i moviment de terres a Girona. Experi\u00e8ncia, tecnologia avan\u00e7ada i comprom\u00eds ambiental per a projectes d'\u00e8xit en construcci\u00f3 i obra civil.","email":"info@excavacionsgirona.com","telephone":"633 72 54 38","legalName":"Excavacions Girona","foundingDate":"2022-01-01","numberOfEmployees":{"@type":"QuantitativeValue","minValue":"11","maxValue":"50"}}]}},"_links":{"self":[{"href":"https:\/\/excavacionsgirona.com\/cat\/wp-json\/wp\/v2\/pages\/3309","targetHints":{"allow":["GET"]}}],"collection":[{"href":"https:\/\/excavacionsgirona.com\/cat\/wp-json\/wp\/v2\/pages"}],"about":[{"href":"https:\/\/excavacionsgirona.com\/cat\/wp-json\/wp\/v2\/types\/page"}],"author":[{"embeddable":true,"href":"https:\/\/excavacionsgirona.com\/cat\/wp-json\/wp\/v2\/users\/1"}],"replies":[{"embeddable":true,"href":"https:\/\/excavacionsgirona.com\/cat\/wp-json\/wp\/v2\/comments?post=3309"}],"version-history":[{"count":2,"href":"https:\/\/excavacionsgirona.com\/cat\/wp-json\/wp\/v2\/pages\/3309\/revisions"}],"predecessor-version":[{"id":3609,"href":"https:\/\/excavacionsgirona.com\/cat\/wp-json\/wp\/v2\/pages\/3309\/revisions\/3609"}],"wp:attachment":[{"href":"https:\/\/excavacionsgirona.com\/cat\/wp-json\/wp\/v2\/media?parent=3309"}],"curies":[{"name":"wp","href":"https:\/\/api.w.org\/{rel}","templated":true}]}}