{"id":3303,"date":"2024-03-10T08:25:01","date_gmt":"2024-03-10T08:25:01","guid":{"rendered":"https:\/\/excavacionsgirona.com\/cat\/?page_id=3303"},"modified":"2024-03-16T17:54:30","modified_gmt":"2024-03-16T17:54:30","slug":"avis-legal","status":"publish","type":"page","link":"https:\/\/excavacionsgirona.com\/cat\/avis-legal\/","title":{"rendered":"Av\u00eds legal"},"content":{"rendered":"<h5>Dades Identificatives<\/h5>\n<p>Benvingut a la p\u00e0gina web d&#8217;EXCAVACIONS GIRONA, titularitat d&#8217;EXCAVACIONS GIRONA, amb domicili a Av. Salvador Dal\u00ed, 62, Figueres, tel\u00e8fon 633 72 54 38 i correu electr\u00f2nic <a target=\"_new\" rel=\"noopener\">info@excavacionsgirona.com<\/a>. A continuaci\u00f3, es proporciona la informaci\u00f3 de conformitat amb la Llei 34\/2002, de 11 de juliol, de serveis de la societat de la informaci\u00f3 i de comer\u00e7 electr\u00f2nic:<\/p>\n<h5>Contacte amb el Titular<\/h5>\n<ul>\n<li>Tel\u00e8fon: 633 72 54 38<\/li>\n<li>Correu electr\u00f2nic: <a href=\"mailto:info@excavacionsgirona.com\" target=\"_new\" rel=\"noopener\">info@excavacionsgirona.com<\/a><\/li>\n<\/ul>\n<h5>Usuaris<\/h5>\n<p>Les condicions seg\u00fcents, d&#8217;ara endavant, l&#8217;Av\u00eds Legal, regulen l&#8217;\u00fas de la p\u00e0gina web d&#8217;EXCAVACIONS GIRONA, que \u00e9s a disposici\u00f3 del p\u00fablic. L&#8217;acc\u00e9s i\/o \u00fas d&#8217;aquesta p\u00e0gina web atribueix la condici\u00f3 d&#8217;USUARI, que accepta les condicions generals d&#8217;\u00fas reflectides aqu\u00ed, aplicables independentment de les condicions generals de contractaci\u00f3 que puguin resultar obligat\u00f2ries.<\/p>\n<h5>\u00das del Portal<\/h5>\n<p>EXCAVACIONS GIRONA ofereix acc\u00e9s a diversos continguts, serveis, programes o dades (d&#8217;ara endavant, \u201cels continguts\u201d) a Internet. L\u00b4USUARI assumeix la responsabilitat de l\u00b4\u00fas del portal, incl\u00f2s el registre necessari per accedir a certs serveis. En aquest registre, l&#8217;USUARI es compromet a proporcionar informaci\u00f3 vera\u00e7 i l\u00edcita i ser\u00e0 responsable de la contrasenya proporcionada, i es comprometr\u00e0 a fer-ne un \u00fas diligent i confidencial.<\/p>\n<p>L&#8217;USUARI es compromet a un \u00fas adequat dels continguts i serveis, abstenint-se d&#8217;activitats il\u00b7l\u00edcites, difusi\u00f3 de contingut il\u00b7legal, provocaci\u00f3 de danys en sistemes f\u00edsics i l\u00f2gics, intent d&#8217;accedir i utilitzar comptes de correu electr\u00f2nic d&#8217;altres usuaris, \u00fas comercial i enviament de correus electr\u00f2nics no sol\u00b7licitats.<\/p>\n<p>EXCAVACIONS GIRONA es reserva el dret de retirar comentaris i aportacions que vulnerin el respecte, siguin discriminatoris, xen\u00f2fobs, racistes, pornogr\u00e0fics o atemptin contra els drets humans.<\/p>\n<h5>Protecci\u00f3 de Dades<\/h5>\n<p>Consulteu la nostra pol\u00edtica de privadesa per obtenir informaci\u00f3 detallada sobre la protecci\u00f3 de dades i el seu tractament.<\/p>\n<h5>Destinataris de Dades Personals<\/h5>\n<p>Durant el tractament de les vostres dades personals, EXCAVACIONS GIRONA podr\u00e0 cedir-les als destinataris seg\u00fcents:<\/p>\n<ul>\n<li>Jutges i Tribunals.<\/li>\n<li>Forces i cossos de seguretat de l&#8217;Estat.<\/li>\n<li>Altres autoritats o organismes p\u00fablics competents quan hi hagi una obligaci\u00f3 legal de facilitar les dades.<\/li>\n<\/ul>\n<h5>Continguts, Propietat Intel\u00b7lectual i Industrial<\/h5>\n<p>EXCAVACIONS GIRONA \u00e9s propietari de tots els drets de propietat intel\u00b7lectual i industrial de la seva p\u00e0gina web i dels elements continguts a la mateixa (imatges, fotografies, so, \u00e0udio, v\u00eddeo, programari, textos, marques, logotips, etc.), o compte amb les llic\u00e8ncies necess\u00e0ries. Queda expressament prohibida la reproducci\u00f3, distribuci\u00f3 i comunicaci\u00f3 p\u00fablica dels continguts esmentats sense autoritzaci\u00f3.<\/p>\n<h5>Exclusi\u00f3 de Garanties i Responsabilitat<\/h5>\n<p>L&#8217;USUARI reconeix que l&#8217;\u00fas de la p\u00e0gina web i els seus continguts es fa sota la seva responsabilitat exclusiva. EXCAVACIONS GIRONA no assumeix responsabilitat per la disponibilitat, finalitat, infracci\u00f3 de la legislaci\u00f3 vigent, exist\u00e8ncia de codis maliciosos, acc\u00e9s no autoritzat, exactitud de continguts, danys a equips inform\u00e0tics o connexions, danys per cas fortu\u00eft o for\u00e7a major, i opinions abocades pels usuaris en f\u00f2rums i espais semblants.<\/p>\n<h5>Modificacions de l&#8217;Av\u00eds Legal i Durada<\/h5>\n<p>EXCAVACIONS GIRONA es reserva el dret de realitzar modificacions al seu portal, podent canviar, suprimir o afegir continguts i serveis, aix\u00ed com la manera com aquests es presenten. La vig\u00e8ncia de les condicions estar\u00e0 subjecta a la seva exposici\u00f3 i romandran vigents fins que siguin modificades i publicades degudament.<\/p>\n<h5>Enlla\u00e7os<\/h5>\n<p>En el cas que a excavacionsgirona.com s&#8217;incloguin enlla\u00e7os cap a altres llocs web, EXCAVACIONS GIRONA no exercir\u00e0 control sobre aquests llocs i continguts, no assumint cap responsabilitat pel contingut de llocs web externs ni garantint la disponibilitat, qualitat, fiabilitat o constitucionalitat de aquests enlla\u00e7os.<\/p>\n<h5>Drets d&#8217;exclusi\u00f3<\/h5>\n<p>EXCAVACIONS GIRONA es reserva el dret a denegar o retirar l&#8217;acc\u00e9s al portal i\/o serveis sense av\u00eds previ a usuaris que incompleixin aquest Av\u00eds Legal.<\/p>\n<h5>Generalitats<\/h5>\n<p>EXCAVACIONS GIRONA perseguir\u00e0 l\u00b4incompliment d\u00b4aquestes condicions i qualsevol \u00fas indegut del portal, exercint les accions civils i penals que li corresponguin.<\/p>\n<h5>Menors d&#8217;Edat<\/h5>\n<p>La p\u00e0gina web d&#8217;EXCAVACIONS GIRONA est\u00e0 adre\u00e7ada a usuaris de m\u00e9s de 18 anys. Els menors no estan autoritzats a fer servir els serveis i no han d&#8217;enviar dades personals. EXCAVACIONS GIRONA no es fa responsable de les conseq\u00fc\u00e8ncies de l\u00b4incompliment d\u00b4aquesta cl\u00e0usula per part dels usuaris menors d\u00b4edat.<\/p>\n<p>Aquest Av\u00eds Legal ha estat actualitzat per darrera vegada el 10 de mar\u00e7 de 2024.<\/p>\n","protected":false},"excerpt":{"rendered":"<p>Dades Identificatives Benvingut a la p\u00e0gina web d&#8217;EXCAVACIONS GIRONA, titularitat d&#8217;EXCAVACIONS GIRONA, amb domicili a Av. Salvador Dal\u00ed, 62, Figueres, tel\u00e8fon 633 72 54 38 i correu electr\u00f2nic info@excavacionsgirona.com. A&hellip;<\/p>\n","protected":false},"author":1,"featured_media":0,"parent":0,"menu_order":91,"comment_status":"closed","ping_status":"closed","template":"","meta":{"footnotes":""},"class_list":["post-3303","page","type-page","status-publish","hentry","no-thumb"],"yoast_head":"<!-- This site is optimized with the Yoast SEO Premium plugin v22.6 (Yoast SEO v24.1) - https:\/\/yoast.com\/wordpress\/plugins\/seo\/ -->\n<title>Av\u00eds legal - Excavacions Girona<\/title>\n<meta name=\"robots\" content=\"noindex, nofollow\" \/>\n<meta property=\"og:locale\" content=\"ca_ES\" \/>\n<meta property=\"og:type\" content=\"article\" \/>\n<meta property=\"og:title\" content=\"Av\u00eds legal\" \/>\n<meta property=\"og:description\" content=\"Dades Identificatives Benvingut a la p\u00e0gina web d&#8217;EXCAVACIONS GIRONA, titularitat d&#8217;EXCAVACIONS GIRONA, amb domicili a Av. Salvador Dal\u00ed, 62, Figueres, tel\u00e8fon 633 72 54 38 i correu electr\u00f2nic info@excavacionsgirona.com. A&hellip;\" \/>\n<meta property=\"og:url\" content=\"https:\/\/excavacionsgirona.com\/cat\/avis-legal\/\" \/>\n<meta property=\"og:site_name\" content=\"Excavacions Girona\" \/>\n<meta property=\"article:publisher\" content=\"https:\/\/www.facebook.com\/61556719241692\" \/>\n<meta property=\"article:modified_time\" content=\"2024-03-16T17:54:30+00:00\" \/>\n<meta name=\"twitter:card\" content=\"summary_large_image\" \/>\n<meta name=\"twitter:site\" content=\"@excavagirona\" \/>\n<meta name=\"twitter:label1\" content=\"Temps estimat de lectura\" \/>\n\t<meta name=\"twitter:data1\" content=\"4 minuts\" \/>\n<script type=\"application\/ld+json\" class=\"yoast-schema-graph\">{\"@context\":\"https:\/\/schema.org\",\"@graph\":[{\"@type\":\"WebPage\",\"@id\":\"https:\/\/excavacionsgirona.com\/cat\/avis-legal\/\",\"url\":\"https:\/\/excavacionsgirona.com\/cat\/avis-legal\/\",\"name\":\"Av\u00eds legal - Excavacions Girona\",\"isPartOf\":{\"@id\":\"https:\/\/excavacionsgirona.com\/cat\/#website\"},\"datePublished\":\"2024-03-10T08:25:01+00:00\",\"dateModified\":\"2024-03-16T17:54:30+00:00\",\"breadcrumb\":{\"@id\":\"https:\/\/excavacionsgirona.com\/cat\/avis-legal\/#breadcrumb\"},\"inLanguage\":\"ca\",\"potentialAction\":[{\"@type\":\"ReadAction\",\"target\":[\"https:\/\/excavacionsgirona.com\/cat\/avis-legal\/\"]}]},{\"@type\":\"BreadcrumbList\",\"@id\":\"https:\/\/excavacionsgirona.com\/cat\/avis-legal\/#breadcrumb\",\"itemListElement\":[{\"@type\":\"ListItem\",\"position\":1,\"name\":\"Inici\",\"item\":\"https:\/\/excavacionsgirona.com\/cat\/\"},{\"@type\":\"ListItem\",\"position\":2,\"name\":\"Av\u00eds legal\"}]},{\"@type\":\"WebSite\",\"@id\":\"https:\/\/excavacionsgirona.com\/cat\/#website\",\"url\":\"https:\/\/excavacionsgirona.com\/cat\/\",\"name\":\"Excavacions Girona\",\"description\":\"Excavacions Girona, moviment de terres, fonaments\",\"publisher\":{\"@id\":\"https:\/\/excavacionsgirona.com\/cat\/#organization\"},\"alternateName\":\"Excavaciones Girona\",\"potentialAction\":[{\"@type\":\"SearchAction\",\"target\":{\"@type\":\"EntryPoint\",\"urlTemplate\":\"https:\/\/excavacionsgirona.com\/cat\/?s={search_term_string}\"},\"query-input\":{\"@type\":\"PropertyValueSpecification\",\"valueRequired\":true,\"valueName\":\"search_term_string\"}}],\"inLanguage\":\"ca\"},{\"@type\":\"Organization\",\"@id\":\"https:\/\/excavacionsgirona.com\/cat\/#organization\",\"name\":\"Excavacions Girona\",\"alternateName\":\"Excavaciones Girona\",\"url\":\"https:\/\/excavacionsgirona.com\/cat\/\",\"logo\":{\"@type\":\"ImageObject\",\"inLanguage\":\"ca\",\"@id\":\"https:\/\/excavacionsgirona.com\/cat\/#\/schema\/logo\/image\/\",\"url\":\"https:\/\/excavacionsgirona.com\/cat\/wp-content\/uploads\/2024\/02\/logo-excavaciones-girona.svg\",\"contentUrl\":\"https:\/\/excavacionsgirona.com\/cat\/wp-content\/uploads\/2024\/02\/logo-excavaciones-girona.svg\",\"width\":1,\"height\":1,\"caption\":\"Excavacions Girona\"},\"image\":{\"@id\":\"https:\/\/excavacionsgirona.com\/cat\/#\/schema\/logo\/image\/\"},\"sameAs\":[\"https:\/\/www.facebook.com\/61556719241692\",\"https:\/\/x.com\/excavagirona\",\"https:\/\/www.linkedin.com\/company\/excavaciones-girona\"],\"description\":\"Descobreix Excavacions Girona, l\u00edder en serveis d\u00b4excavaci\u00f3 i moviment de terres a Girona. Experi\u00e8ncia, tecnologia avan\u00e7ada i comprom\u00eds ambiental per a projectes d'\u00e8xit en construcci\u00f3 i obra civil.\",\"email\":\"info@excavacionsgirona.com\",\"telephone\":\"633 72 54 38\",\"legalName\":\"Excavacions Girona\",\"foundingDate\":\"2022-01-01\",\"numberOfEmployees\":{\"@type\":\"QuantitativeValue\",\"minValue\":\"11\",\"maxValue\":\"50\"}}]}<\/script>\n<!-- \/ Yoast SEO Premium plugin. -->","yoast_head_json":{"title":"Av\u00eds legal - Excavacions Girona","robots":{"index":"noindex","follow":"nofollow"},"og_locale":"ca_ES","og_type":"article","og_title":"Av\u00eds legal","og_description":"Dades Identificatives Benvingut a la p\u00e0gina web d&#8217;EXCAVACIONS GIRONA, titularitat d&#8217;EXCAVACIONS GIRONA, amb domicili a Av. Salvador Dal\u00ed, 62, Figueres, tel\u00e8fon 633 72 54 38 i correu electr\u00f2nic info@excavacionsgirona.com. A&hellip;","og_url":"https:\/\/excavacionsgirona.com\/cat\/avis-legal\/","og_site_name":"Excavacions Girona","article_publisher":"https:\/\/www.facebook.com\/61556719241692","article_modified_time":"2024-03-16T17:54:30+00:00","twitter_card":"summary_large_image","twitter_site":"@excavagirona","twitter_misc":{"Temps estimat de lectura":"4 minuts"},"schema":{"@context":"https:\/\/schema.org","@graph":[{"@type":"WebPage","@id":"https:\/\/excavacionsgirona.com\/cat\/avis-legal\/","url":"https:\/\/excavacionsgirona.com\/cat\/avis-legal\/","name":"Av\u00eds legal - Excavacions Girona","isPartOf":{"@id":"https:\/\/excavacionsgirona.com\/cat\/#website"},"datePublished":"2024-03-10T08:25:01+00:00","dateModified":"2024-03-16T17:54:30+00:00","breadcrumb":{"@id":"https:\/\/excavacionsgirona.com\/cat\/avis-legal\/#breadcrumb"},"inLanguage":"ca","potentialAction":[{"@type":"ReadAction","target":["https:\/\/excavacionsgirona.com\/cat\/avis-legal\/"]}]},{"@type":"BreadcrumbList","@id":"https:\/\/excavacionsgirona.com\/cat\/avis-legal\/#breadcrumb","itemListElement":[{"@type":"ListItem","position":1,"name":"Inici","item":"https:\/\/excavacionsgirona.com\/cat\/"},{"@type":"ListItem","position":2,"name":"Av\u00eds legal"}]},{"@type":"WebSite","@id":"https:\/\/excavacionsgirona.com\/cat\/#website","url":"https:\/\/excavacionsgirona.com\/cat\/","name":"Excavacions Girona","description":"Excavacions Girona, moviment de terres, fonaments","publisher":{"@id":"https:\/\/excavacionsgirona.com\/cat\/#organization"},"alternateName":"Excavaciones Girona","potentialAction":[{"@type":"SearchAction","target":{"@type":"EntryPoint","urlTemplate":"https:\/\/excavacionsgirona.com\/cat\/?s={search_term_string}"},"query-input":{"@type":"PropertyValueSpecification","valueRequired":true,"valueName":"search_term_string"}}],"inLanguage":"ca"},{"@type":"Organization","@id":"https:\/\/excavacionsgirona.com\/cat\/#organization","name":"Excavacions Girona","alternateName":"Excavaciones Girona","url":"https:\/\/excavacionsgirona.com\/cat\/","logo":{"@type":"ImageObject","inLanguage":"ca","@id":"https:\/\/excavacionsgirona.com\/cat\/#\/schema\/logo\/image\/","url":"https:\/\/excavacionsgirona.com\/cat\/wp-content\/uploads\/2024\/02\/logo-excavaciones-girona.svg","contentUrl":"https:\/\/excavacionsgirona.com\/cat\/wp-content\/uploads\/2024\/02\/logo-excavaciones-girona.svg","width":1,"height":1,"caption":"Excavacions Girona"},"image":{"@id":"https:\/\/excavacionsgirona.com\/cat\/#\/schema\/logo\/image\/"},"sameAs":["https:\/\/www.facebook.com\/61556719241692","https:\/\/x.com\/excavagirona","https:\/\/www.linkedin.com\/company\/excavaciones-girona"],"description":"Descobreix Excavacions Girona, l\u00edder en serveis d\u00b4excavaci\u00f3 i moviment de terres a Girona. Experi\u00e8ncia, tecnologia avan\u00e7ada i comprom\u00eds ambiental per a projectes d'\u00e8xit en construcci\u00f3 i obra civil.","email":"info@excavacionsgirona.com","telephone":"633 72 54 38","legalName":"Excavacions Girona","foundingDate":"2022-01-01","numberOfEmployees":{"@type":"QuantitativeValue","minValue":"11","maxValue":"50"}}]}},"_links":{"self":[{"href":"https:\/\/excavacionsgirona.com\/cat\/wp-json\/wp\/v2\/pages\/3303","targetHints":{"allow":["GET"]}}],"collection":[{"href":"https:\/\/excavacionsgirona.com\/cat\/wp-json\/wp\/v2\/pages"}],"about":[{"href":"https:\/\/excavacionsgirona.com\/cat\/wp-json\/wp\/v2\/types\/page"}],"author":[{"embeddable":true,"href":"https:\/\/excavacionsgirona.com\/cat\/wp-json\/wp\/v2\/users\/1"}],"replies":[{"embeddable":true,"href":"https:\/\/excavacionsgirona.com\/cat\/wp-json\/wp\/v2\/comments?post=3303"}],"version-history":[{"count":5,"href":"https:\/\/excavacionsgirona.com\/cat\/wp-json\/wp\/v2\/pages\/3303\/revisions"}],"predecessor-version":[{"id":3602,"href":"https:\/\/excavacionsgirona.com\/cat\/wp-json\/wp\/v2\/pages\/3303\/revisions\/3602"}],"wp:attachment":[{"href":"https:\/\/excavacionsgirona.com\/cat\/wp-json\/wp\/v2\/media?parent=3303"}],"curies":[{"name":"wp","href":"https:\/\/api.w.org\/{rel}","templated":true}]}}