{"id":1578,"date":"2024-02-15T09:38:33","date_gmt":"2024-02-15T09:38:33","guid":{"rendered":"http:\/\/localhost\/factoryplus\/?page_id=1578"},"modified":"2024-04-28T16:33:23","modified_gmt":"2024-04-28T16:33:23","slug":"contacte","status":"publish","type":"page","link":"https:\/\/excavacionsgirona.com\/cat\/contacte\/","title":{"rendered":"Contacte"},"content":{"rendered":"<div class=\"wpb-content-wrapper\"><p>[vc_row css=&#8221;.vc_custom_1478074851311{padding-top: 75px !important;padding-bottom: 50px !important;}&#8221;][vc_column width=&#8221;1\/3&#8243;]<div class=\"fp-section-title clearfix  \">\n                <h2>Detalls de contacte<\/h2>\n                \n            <\/div>[vc_row_inner css=&#8221;.vc_custom_1476672159379{margin-right: 50px !important;border-right-width: 1px !important;border-right-color: #f7f7f7 !important;border-right-style: solid !important;}&#8221;][vc_column_inner css=&#8221;.vc_custom_1476672407545{border-bottom-width: 1px !important;}&#8221;]<div class=\"fp-icon-box-5 icon-center dark-version \">\n\t\t\t\t <span class=\"fp-icon\"><i class=\"factory-technology\"><\/i><\/span>\n                 <h4>T\u00c9 ALGUNA PREGUNTA? TRUQUI'NS<\/h4>\n                <div class=\"sub-title\"><\/div>\n                <div class=\"desc\"><p><a class=\"link-contacto\" href=\"tel:\/\/+34633725438\">633 72 54 38<\/a><\/p>\n<\/div>\n            <\/div>[\/vc_column_inner][\/vc_row_inner][vc_row_inner css=&#8221;.vc_custom_1478256534654{margin-right: 50px !important;border-right-width: 1px !important;border-right-color: #f7f7f7 !important;border-right-style: solid !important;}&#8221;][vc_column_inner]<div class=\"fp-icon-box-5 icon-center dark-version \">\n\t\t\t\t <span class=\"fp-icon\"><i class=\"factory-travel\"><\/i><\/span>\n                 <h4>Visiteu-nos<\/h4>\n                <div class=\"sub-title\"><\/div>\n                <div class=\"desc\"><p><a class=\"link-contacto\" href=\"https:\/\/maps.app.goo.gl\/59Z5Trjs1vyHDrur8\" target=\"_blank\" rel=\"noopener\">Ctra. GI-622 &#8211; km 0,33 &#8211; 17483 \u00b7 B\u00e0scara (Girona)<\/a><\/p>\n<\/div>\n            <\/div>[\/vc_column_inner][\/vc_row_inner][vc_row_inner css=&#8221;.vc_custom_1478256539742{margin-right: 50px !important;border-right-width: 1px !important;border-right-color: #f7f7f7 !important;border-right-style: solid !important;}&#8221;][vc_column_inner]<div class=\"fp-icon-box-5 icon-center dark-version \">\n\t\t\t\t <span class=\"fp-icon\"><i class=\"factory-business\"><\/i><\/span>\n                 <h4>Envieu-nos un email<\/h4>\n                <div class=\"sub-title\"><\/div>\n                <div class=\"desc\"><p><a class=\"link-contacto\" href=\"mailto:info@excavacionsgirona.com\">info@excavacionsgirona.com<\/a><\/p>\n<\/div>\n            <\/div>[\/vc_column_inner][\/vc_row_inner][vc_row_inner css=&#8221;.vc_custom_1478256545206{margin-right: 50px !important;border-right-width: 1px !important;border-right-color: #f7f7f7 !important;border-right-style: solid !important;}&#8221;][vc_column_inner]<div class=\"fp-icon-box-5 icon-center dark-version \">\n\t\t\t\t <span class=\"fp-icon\"><i class=\"factory-wall-clock\"><\/i><\/span>\n                 <h4>El nostre horari<\/h4>\n                <div class=\"sub-title\"><\/div>\n                <div class=\"desc\"><p>Dill &#8211; Div: 08.00 &#8211; 18.00<br \/>\nDissabte: 08.00 &#8211; 13.00<br \/>\nDiumenge: <span class=\"main-color\">Tancat<\/span><\/p>\n<\/div>\n            <\/div>[\/vc_column_inner][\/vc_row_inner][\/vc_column][vc_column width=&#8221;2\/3&#8243; el_class=&#8221;top-spacing&#8221;]<div class=\"fp-section-title clearfix custom-title \">\n                <h2>Contacti amb nosaltres<\/h2>\n                \n            <\/div>\n<div class=\"wpcf7 no-js\" id=\"wpcf7-f1589-o1\" lang=\"en-US\" dir=\"ltr\" data-wpcf7-id=\"1589\">\n<div class=\"screen-reader-response\"><p role=\"status\" aria-live=\"polite\" aria-atomic=\"true\"><\/p> <ul><\/ul><\/div>\n<form action=\"\/cat\/wp-json\/wp\/v2\/pages\/1578#wpcf7-f1589-o1\" method=\"post\" class=\"wpcf7-form init\" aria-label=\"Contact form\" novalidate=\"novalidate\" data-status=\"init\">\n<div style=\"display: none;\">\n<input type=\"hidden\" name=\"_wpcf7\" value=\"1589\" \/>\n<input type=\"hidden\" name=\"_wpcf7_version\" value=\"6.0.2\" \/>\n<input type=\"hidden\" name=\"_wpcf7_locale\" value=\"en_US\" \/>\n<input type=\"hidden\" name=\"_wpcf7_unit_tag\" value=\"wpcf7-f1589-o1\" \/>\n<input type=\"hidden\" name=\"_wpcf7_container_post\" value=\"0\" \/>\n<input type=\"hidden\" name=\"_wpcf7_posted_data_hash\" value=\"\" \/>\n<\/div>\n<div class=\"fp-form fp-form-3\">\n\t<p class=\"field first-row\"><span class=\"wpcf7-form-control-wrap\" data-name=\"your-name\"><input size=\"40\" maxlength=\"400\" class=\"wpcf7-form-control wpcf7-text wpcf7-validates-as-required\" aria-required=\"true\" aria-invalid=\"false\" placeholder=\"Nom*\" value=\"\" type=\"text\" name=\"your-name\" \/><\/span>\n\t<\/p>\n\t<p class=\"field last-row\"><span class=\"wpcf7-form-control-wrap\" data-name=\"your-email\"><input size=\"40\" maxlength=\"400\" class=\"wpcf7-form-control wpcf7-email wpcf7-validates-as-required wpcf7-text wpcf7-validates-as-email\" aria-required=\"true\" aria-invalid=\"false\" placeholder=\"Email*\" value=\"\" type=\"email\" name=\"your-email\" \/><\/span>\n\t<\/p>\n\t<p class=\"field first-row\"><span class=\"wpcf7-form-control-wrap\" data-name=\"your-phone\"><input size=\"40\" maxlength=\"400\" class=\"wpcf7-form-control wpcf7-text\" aria-invalid=\"false\" placeholder=\"Tel\u00e8fon\" value=\"\" type=\"text\" name=\"your-phone\" \/><\/span>\n\t<\/p>\n\t<p class=\"field last-row\"><span class=\"wpcf7-form-control-wrap\" data-name=\"subject\"><input size=\"40\" maxlength=\"400\" class=\"wpcf7-form-control wpcf7-text wpcf7-validates-as-required\" aria-required=\"true\" aria-invalid=\"false\" placeholder=\"Assumpte*\" value=\"\" type=\"text\" name=\"subject\" \/><\/span>\n\t<\/p>\n\t<p class=\"field single-field\"><span class=\"wpcf7-form-control-wrap\" data-name=\"your-message\"><textarea cols=\"40\" rows=\"10\" maxlength=\"2000\" class=\"wpcf7-form-control wpcf7-textarea\" aria-invalid=\"false\" placeholder=\"El vostre missatge...\" name=\"your-message\"><\/textarea><\/span>\n\t<\/p>\n\t<p class=\"field submit\"><input class=\"wpcf7-form-control wpcf7-submit has-spinner\" type=\"submit\" value=\"Enviar\" \/>\n\t<\/p>\n<\/div><div class=\"wpcf7-response-output\" aria-hidden=\"true\"><\/div>\n<\/form>\n<\/div>\n[\/vc_column][\/vc_row][vc_row full_width=&#8221;stretch_row_content_no_spaces&#8221; disable_element=&#8221;yes&#8221;][vc_column]Something went wrong while retrieving your map, please ensure you have entered the short code correctly.[\/vc_column][\/vc_row][vc_row full_width=&#8221;stretch_row_content_no_spaces&#8221;][vc_column][vc_gmaps link=&#8221;#E-8_JTNDaWZyYW1lJTIwc3JjJTNEJTIyaHR0cHMlM0ElMkYlMkZ3d3cuZ29vZ2xlLmNvbSUyRm1hcHMlMkZlbWJlZCUzRnBiJTNEJTIxMW0xNCUyMTFtOCUyMTFtMyUyMTFkMjk1Ny42Mjc3MTg3ODg0MjU3JTIxMmQyLjkxNDI0MTQzMzM1NDIyOSUyMTNkNDIuMTU4MjUyNzExNTA3NDclMjEzbTIlMjExaTEwMjQlMjEyaTc2OCUyMTRmMTMuMSUyMTNtMyUyMTFtMiUyMTFzMHgxMmJhZWRhMGVkOWQyMDhiJTI1M0EweGJlYjBhZTM0MzM2N2YxMDUlMjEyc0Rpc2VtaW5hZG8lMjUyMEFmdWVyYXMlMjUyQyUyNTIwMSUyNTJDJTI1MjAxNzQ4MyUyNTIwQiUyNUMzJTI1QTBzY2FyYSUyNTJDJTI1MjBHaXJvbmElMjE1ZTAlMjEzbTIlMjExc2VzJTIxMnNlcyUyMTR2MTcxNDMyMTQyOTQzNiUyMTVtMiUyMTFzZXMlMjEyc2VzJTIyJTIwd2lkdGglM0QlMjI2MDAlMjIlMjBoZWlnaHQlM0QlMjI0NTAlMjIlMjBzdHlsZSUzRCUyMmJvcmRlciUzQTAlM0IlMjIlMjBhbGxvd2Z1bGxzY3JlZW4lM0QlMjIlMjIlMjBsb2FkaW5nJTNEJTIybGF6eSUyMiUyMHJlZmVycmVycG9saWN5JTNEJTIybm8tcmVmZXJyZXItd2hlbi1kb3duZ3JhZGUlMjIlM0UlM0MlMkZpZnJhbWUlM0U=&#8221;][\/vc_column][\/vc_row]<\/p>\n<\/div>","protected":false},"excerpt":{"rendered":"<p>[vc_row css=&#8221;.vc_custom_1478074851311{padding-top: 75px !important;padding-bottom: 50px !important;}&#8221;][vc_column width=&#8221;1\/3&#8243;][vc_row_inner css=&#8221;.vc_custom_1476672159379{margin-right: 50px !important;border-right-width: 1px !important;border-right-color: #f7f7f7 !important;border-right-style: solid !important;}&#8221;][vc_column_inner css=&#8221;.vc_custom_1476672407545{border-bottom-width: 1px !important;}&#8221;][\/vc_column_inner][\/vc_row_inner][vc_row_inner css=&#8221;.vc_custom_1478256534654{margin-right: 50px !important;border-right-width: 1px !important;border-right-color: #f7f7f7 !important;border-right-style: solid !important;}&#8221;][vc_column_inner][\/vc_column_inner][\/vc_row_inner][vc_row_inner css=&#8221;.vc_custom_1478256539742{margin-right: 50px&hellip;<\/p>\n","protected":false},"author":1,"featured_media":3160,"parent":0,"menu_order":6,"comment_status":"closed","ping_status":"closed","template":"template-fullwidth.php","meta":{"footnotes":""},"class_list":["post-1578","page","type-page","status-publish","has-post-thumbnail","hentry",""],"yoast_head":"<!-- This site is optimized with the Yoast SEO Premium plugin v22.6 (Yoast SEO v24.1) - https:\/\/yoast.com\/wordpress\/plugins\/seo\/ -->\n<title>Contacte - Excavacions Girona<\/title>\n<meta name=\"description\" content=\"Contacta amb Excavacions Girona per a solucions expertes en excavaci\u00f3. Professionalisme i efici\u00e8ncia garantits pels teus projectes\" \/>\n<meta name=\"robots\" content=\"index, follow, max-snippet:-1, max-image-preview:large, max-video-preview:-1\" \/>\n<link rel=\"canonical\" href=\"https:\/\/excavacionsgirona.com\/cat\/contacte\/\" \/>\n<meta property=\"og:locale\" content=\"ca_ES\" \/>\n<meta property=\"og:type\" content=\"article\" \/>\n<meta property=\"og:title\" content=\"Contacte\" \/>\n<meta property=\"og:description\" content=\"Descobreix com contactar amb Excavacions Girona per a solucions expertes en excavaci\u00f3. Professionalisme i efici\u00e8ncia garantits\" \/>\n<meta property=\"og:url\" content=\"https:\/\/excavacionsgirona.com\/cat\/contacte\/\" \/>\n<meta property=\"og:site_name\" content=\"Excavacions Girona\" \/>\n<meta property=\"article:publisher\" content=\"https:\/\/www.facebook.com\/61556719241692\" \/>\n<meta property=\"article:modified_time\" content=\"2024-04-28T16:33:23+00:00\" \/>\n<meta property=\"og:image\" content=\"https:\/\/excavacionsgirona.com\/cat\/wp-content\/uploads\/2024\/03\/maquinaria-excavacion-avanzada-girona.jpg\" \/>\n\t<meta property=\"og:image:width\" content=\"1500\" \/>\n\t<meta property=\"og:image:height\" content=\"1000\" \/>\n\t<meta property=\"og:image:type\" content=\"image\/jpeg\" \/>\n<meta name=\"twitter:card\" content=\"summary_large_image\" \/>\n<meta name=\"twitter:description\" content=\"Descobreix com contactar amb Excavacions Girona per a solucions expertes en excavaci\u00f3. Professionalisme i efici\u00e8ncia garantits\" \/>\n<meta name=\"twitter:site\" content=\"@excavagirona\" \/>\n<meta name=\"twitter:label1\" content=\"Temps estimat de lectura\" \/>\n\t<meta name=\"twitter:data1\" content=\"1 minut\" \/>\n<script type=\"application\/ld+json\" class=\"yoast-schema-graph\">{\"@context\":\"https:\/\/schema.org\",\"@graph\":[{\"@type\":\"WebPage\",\"@id\":\"https:\/\/excavacionsgirona.com\/cat\/contacte\/\",\"url\":\"https:\/\/excavacionsgirona.com\/cat\/contacte\/\",\"name\":\"Contacte - Excavacions Girona\",\"isPartOf\":{\"@id\":\"https:\/\/excavacionsgirona.com\/cat\/#website\"},\"primaryImageOfPage\":{\"@id\":\"https:\/\/excavacionsgirona.com\/cat\/contacte\/#primaryimage\"},\"image\":{\"@id\":\"https:\/\/excavacionsgirona.com\/cat\/contacte\/#primaryimage\"},\"thumbnailUrl\":\"https:\/\/excavacionsgirona.com\/cat\/wp-content\/uploads\/2024\/03\/maquinaria-excavacion-avanzada-girona.jpg\",\"datePublished\":\"2024-02-15T09:38:33+00:00\",\"dateModified\":\"2024-04-28T16:33:23+00:00\",\"description\":\"Contacta amb Excavacions Girona per a solucions expertes en excavaci\u00f3. Professionalisme i efici\u00e8ncia garantits pels teus projectes\",\"breadcrumb\":{\"@id\":\"https:\/\/excavacionsgirona.com\/cat\/contacte\/#breadcrumb\"},\"inLanguage\":\"ca\",\"potentialAction\":[{\"@type\":\"ReadAction\",\"target\":[\"https:\/\/excavacionsgirona.com\/cat\/contacte\/\"]}]},{\"@type\":\"ImageObject\",\"inLanguage\":\"ca\",\"@id\":\"https:\/\/excavacionsgirona.com\/cat\/contacte\/#primaryimage\",\"url\":\"https:\/\/excavacionsgirona.com\/cat\/wp-content\/uploads\/2024\/03\/maquinaria-excavacion-avanzada-girona.jpg\",\"contentUrl\":\"https:\/\/excavacionsgirona.com\/cat\/wp-content\/uploads\/2024\/03\/maquinaria-excavacion-avanzada-girona.jpg\",\"width\":1500,\"height\":1000,\"caption\":\"Visualitza com les eines avan\u00e7ades transformen l'excavaci\u00f3. Descobreix tecnologies que marquen la difer\u00e8ncia en l'efici\u00e8ncia i la sostenibilitat.\"},{\"@type\":\"BreadcrumbList\",\"@id\":\"https:\/\/excavacionsgirona.com\/cat\/contacte\/#breadcrumb\",\"itemListElement\":[{\"@type\":\"ListItem\",\"position\":1,\"name\":\"Inici\",\"item\":\"https:\/\/excavacionsgirona.com\/cat\/\"},{\"@type\":\"ListItem\",\"position\":2,\"name\":\"Contacte\"}]},{\"@type\":\"WebSite\",\"@id\":\"https:\/\/excavacionsgirona.com\/cat\/#website\",\"url\":\"https:\/\/excavacionsgirona.com\/cat\/\",\"name\":\"Excavacions Girona\",\"description\":\"Excavacions Girona, moviment de terres, fonaments\",\"publisher\":{\"@id\":\"https:\/\/excavacionsgirona.com\/cat\/#organization\"},\"alternateName\":\"Excavaciones Girona\",\"potentialAction\":[{\"@type\":\"SearchAction\",\"target\":{\"@type\":\"EntryPoint\",\"urlTemplate\":\"https:\/\/excavacionsgirona.com\/cat\/?s={search_term_string}\"},\"query-input\":{\"@type\":\"PropertyValueSpecification\",\"valueRequired\":true,\"valueName\":\"search_term_string\"}}],\"inLanguage\":\"ca\"},{\"@type\":\"Organization\",\"@id\":\"https:\/\/excavacionsgirona.com\/cat\/#organization\",\"name\":\"Excavacions Girona\",\"alternateName\":\"Excavaciones Girona\",\"url\":\"https:\/\/excavacionsgirona.com\/cat\/\",\"logo\":{\"@type\":\"ImageObject\",\"inLanguage\":\"ca\",\"@id\":\"https:\/\/excavacionsgirona.com\/cat\/#\/schema\/logo\/image\/\",\"url\":\"https:\/\/excavacionsgirona.com\/cat\/wp-content\/uploads\/2024\/02\/logo-excavaciones-girona.svg\",\"contentUrl\":\"https:\/\/excavacionsgirona.com\/cat\/wp-content\/uploads\/2024\/02\/logo-excavaciones-girona.svg\",\"width\":1,\"height\":1,\"caption\":\"Excavacions Girona\"},\"image\":{\"@id\":\"https:\/\/excavacionsgirona.com\/cat\/#\/schema\/logo\/image\/\"},\"sameAs\":[\"https:\/\/www.facebook.com\/61556719241692\",\"https:\/\/x.com\/excavagirona\",\"https:\/\/www.linkedin.com\/company\/excavaciones-girona\"],\"description\":\"Descobreix Excavacions Girona, l\u00edder en serveis d\u00b4excavaci\u00f3 i moviment de terres a Girona. Experi\u00e8ncia, tecnologia avan\u00e7ada i comprom\u00eds ambiental per a projectes d'\u00e8xit en construcci\u00f3 i obra civil.\",\"email\":\"info@excavacionsgirona.com\",\"telephone\":\"633 72 54 38\",\"legalName\":\"Excavacions Girona\",\"foundingDate\":\"2022-01-01\",\"numberOfEmployees\":{\"@type\":\"QuantitativeValue\",\"minValue\":\"11\",\"maxValue\":\"50\"}}]}<\/script>\n<!-- \/ Yoast SEO Premium plugin. -->","yoast_head_json":{"title":"Contacte - Excavacions Girona","description":"Contacta amb Excavacions Girona per a solucions expertes en excavaci\u00f3. Professionalisme i efici\u00e8ncia garantits pels teus projectes","robots":{"index":"index","follow":"follow","max-snippet":"max-snippet:-1","max-image-preview":"max-image-preview:large","max-video-preview":"max-video-preview:-1"},"canonical":"https:\/\/excavacionsgirona.com\/cat\/contacte\/","og_locale":"ca_ES","og_type":"article","og_title":"Contacte","og_description":"Descobreix com contactar amb Excavacions Girona per a solucions expertes en excavaci\u00f3. Professionalisme i efici\u00e8ncia garantits","og_url":"https:\/\/excavacionsgirona.com\/cat\/contacte\/","og_site_name":"Excavacions Girona","article_publisher":"https:\/\/www.facebook.com\/61556719241692","article_modified_time":"2024-04-28T16:33:23+00:00","og_image":[{"width":1500,"height":1000,"url":"https:\/\/excavacionsgirona.com\/cat\/wp-content\/uploads\/2024\/03\/maquinaria-excavacion-avanzada-girona.jpg","type":"image\/jpeg"}],"twitter_card":"summary_large_image","twitter_description":"Descobreix com contactar amb Excavacions Girona per a solucions expertes en excavaci\u00f3. Professionalisme i efici\u00e8ncia garantits","twitter_site":"@excavagirona","twitter_misc":{"Temps estimat de lectura":"1 minut"},"schema":{"@context":"https:\/\/schema.org","@graph":[{"@type":"WebPage","@id":"https:\/\/excavacionsgirona.com\/cat\/contacte\/","url":"https:\/\/excavacionsgirona.com\/cat\/contacte\/","name":"Contacte - Excavacions Girona","isPartOf":{"@id":"https:\/\/excavacionsgirona.com\/cat\/#website"},"primaryImageOfPage":{"@id":"https:\/\/excavacionsgirona.com\/cat\/contacte\/#primaryimage"},"image":{"@id":"https:\/\/excavacionsgirona.com\/cat\/contacte\/#primaryimage"},"thumbnailUrl":"https:\/\/excavacionsgirona.com\/cat\/wp-content\/uploads\/2024\/03\/maquinaria-excavacion-avanzada-girona.jpg","datePublished":"2024-02-15T09:38:33+00:00","dateModified":"2024-04-28T16:33:23+00:00","description":"Contacta amb Excavacions Girona per a solucions expertes en excavaci\u00f3. Professionalisme i efici\u00e8ncia garantits pels teus projectes","breadcrumb":{"@id":"https:\/\/excavacionsgirona.com\/cat\/contacte\/#breadcrumb"},"inLanguage":"ca","potentialAction":[{"@type":"ReadAction","target":["https:\/\/excavacionsgirona.com\/cat\/contacte\/"]}]},{"@type":"ImageObject","inLanguage":"ca","@id":"https:\/\/excavacionsgirona.com\/cat\/contacte\/#primaryimage","url":"https:\/\/excavacionsgirona.com\/cat\/wp-content\/uploads\/2024\/03\/maquinaria-excavacion-avanzada-girona.jpg","contentUrl":"https:\/\/excavacionsgirona.com\/cat\/wp-content\/uploads\/2024\/03\/maquinaria-excavacion-avanzada-girona.jpg","width":1500,"height":1000,"caption":"Visualitza com les eines avan\u00e7ades transformen l'excavaci\u00f3. Descobreix tecnologies que marquen la difer\u00e8ncia en l'efici\u00e8ncia i la sostenibilitat."},{"@type":"BreadcrumbList","@id":"https:\/\/excavacionsgirona.com\/cat\/contacte\/#breadcrumb","itemListElement":[{"@type":"ListItem","position":1,"name":"Inici","item":"https:\/\/excavacionsgirona.com\/cat\/"},{"@type":"ListItem","position":2,"name":"Contacte"}]},{"@type":"WebSite","@id":"https:\/\/excavacionsgirona.com\/cat\/#website","url":"https:\/\/excavacionsgirona.com\/cat\/","name":"Excavacions Girona","description":"Excavacions Girona, moviment de terres, fonaments","publisher":{"@id":"https:\/\/excavacionsgirona.com\/cat\/#organization"},"alternateName":"Excavaciones Girona","potentialAction":[{"@type":"SearchAction","target":{"@type":"EntryPoint","urlTemplate":"https:\/\/excavacionsgirona.com\/cat\/?s={search_term_string}"},"query-input":{"@type":"PropertyValueSpecification","valueRequired":true,"valueName":"search_term_string"}}],"inLanguage":"ca"},{"@type":"Organization","@id":"https:\/\/excavacionsgirona.com\/cat\/#organization","name":"Excavacions Girona","alternateName":"Excavaciones Girona","url":"https:\/\/excavacionsgirona.com\/cat\/","logo":{"@type":"ImageObject","inLanguage":"ca","@id":"https:\/\/excavacionsgirona.com\/cat\/#\/schema\/logo\/image\/","url":"https:\/\/excavacionsgirona.com\/cat\/wp-content\/uploads\/2024\/02\/logo-excavaciones-girona.svg","contentUrl":"https:\/\/excavacionsgirona.com\/cat\/wp-content\/uploads\/2024\/02\/logo-excavaciones-girona.svg","width":1,"height":1,"caption":"Excavacions Girona"},"image":{"@id":"https:\/\/excavacionsgirona.com\/cat\/#\/schema\/logo\/image\/"},"sameAs":["https:\/\/www.facebook.com\/61556719241692","https:\/\/x.com\/excavagirona","https:\/\/www.linkedin.com\/company\/excavaciones-girona"],"description":"Descobreix Excavacions Girona, l\u00edder en serveis d\u00b4excavaci\u00f3 i moviment de terres a Girona. Experi\u00e8ncia, tecnologia avan\u00e7ada i comprom\u00eds ambiental per a projectes d'\u00e8xit en construcci\u00f3 i obra civil.","email":"info@excavacionsgirona.com","telephone":"633 72 54 38","legalName":"Excavacions Girona","foundingDate":"2022-01-01","numberOfEmployees":{"@type":"QuantitativeValue","minValue":"11","maxValue":"50"}}]}},"_links":{"self":[{"href":"https:\/\/excavacionsgirona.com\/cat\/wp-json\/wp\/v2\/pages\/1578","targetHints":{"allow":["GET"]}}],"collection":[{"href":"https:\/\/excavacionsgirona.com\/cat\/wp-json\/wp\/v2\/pages"}],"about":[{"href":"https:\/\/excavacionsgirona.com\/cat\/wp-json\/wp\/v2\/types\/page"}],"author":[{"embeddable":true,"href":"https:\/\/excavacionsgirona.com\/cat\/wp-json\/wp\/v2\/users\/1"}],"replies":[{"embeddable":true,"href":"https:\/\/excavacionsgirona.com\/cat\/wp-json\/wp\/v2\/comments?post=1578"}],"version-history":[{"count":14,"href":"https:\/\/excavacionsgirona.com\/cat\/wp-json\/wp\/v2\/pages\/1578\/revisions"}],"predecessor-version":[{"id":3693,"href":"https:\/\/excavacionsgirona.com\/cat\/wp-json\/wp\/v2\/pages\/1578\/revisions\/3693"}],"wp:featuredmedia":[{"embeddable":true,"href":"https:\/\/excavacionsgirona.com\/cat\/wp-json\/wp\/v2\/media\/3160"}],"wp:attachment":[{"href":"https:\/\/excavacionsgirona.com\/cat\/wp-json\/wp\/v2\/media?parent=1578"}],"curies":[{"name":"wp","href":"https:\/\/api.w.org\/{rel}","templated":true}]}}